{"id":796,"date":"2020-09-29T12:21:06","date_gmt":"2020-09-29T09:21:06","guid":{"rendered":"https:\/\/structo.ee\/privacy-policy\/"},"modified":"2022-04-05T15:56:59","modified_gmt":"2022-04-05T12:56:59","slug":"privaatsuspoliitika","status":"publish","type":"page","link":"https:\/\/structo.ee\/et\/privaatsuspoliitika\/","title":{"rendered":"Privaatsuspoliitika"},"content":{"rendered":"\n<p>Andmekaitsetingimused<\/p>\n\n\n\n<p>Vastutav andmete t\u00f6\u00f6tleja<br>Structo Group O\u00dc<br>S\u00e4ra tee 11-6, Peetri 75312, Estonia<br>info@structo.ee<\/p>\n\n\n\n<p>Isikuandmed on andmed, mida kogume teenuste osutamiseks, isiku tuvastamiseks ja isikuga \u00fchenduse v\u00f5tmiseks teenuse osutamiseks v\u00f5i vaidluste lahendamiseks. Me ei t\u00f6\u00f6tle delikaatseid isikuandmeid, nagu on m\u00e4\u00e4ratletud isikuandmete kaitse \u00fcldm\u00e4\u00e4ruses, st GDPR-is v\u00f5i EL-i m\u00e4\u00e4ruses nr 2016\/679.<\/p>\n\n\n\n<h2 class=\"wp-block-heading\">M\u00f5isted<\/h2>\n\n\n\n<p>Vastutav t\u00f6\u00f6tleja on f\u00fc\u00fcsiline v\u00f5i juriidiline isik, avaliku sektori asutus, asutus v\u00f5i muu organ, kes m\u00e4\u00e4rab kindlaks isikuandmete t\u00f6\u00f6tlemise eesm\u00e4rgid ja vahendid.<\/p>\n\n\n\n<p>Volitatud t\u00f6\u00f6tleja on f\u00fc\u00fcsiline v\u00f5i juriidiline isik avaliku sektori asutus, asutus v\u00f5i muu organ, kes t\u00f6\u00f6tleb isikuandmeid vastutava t\u00f6\u00f6tleja nimel.<\/p>\n\n\n\n<p>Isikuandmed on igasugune teave tuvastatud v\u00f5i tuvastatava \u00fcksikisiku (edaspidi &#8220;andmesubjekt&#8221;) kohta. Tuvastatav isik on isik, keda on v\u00f5imalik otseselt v\u00f5i kaudselt tuvastada eelk\u00f5ige selliste tunnuste, nagu nimi, isikukood, asukohaandmed, v\u00f5rgutunnus v\u00f5i \u00fche v\u00f5i mitme f\u00fc\u00fcsilise, f\u00fcsioloogilise, geneetilise, vaimse, majandusliku tunnuse alusel; sellise indiviidi kultuurilised v\u00f5i sotsiaalsed omadused.<\/p>\n\n\n\n<p>Isikuandmete t\u00f6\u00f6tlemine on isikuandmetega v\u00f5i nende kogumisega tehtav automatiseeritud v\u00f5i automatiseerimata toiming v\u00f5i toimingute kogum, nagu kogumine, dokumenteerimine, korrastamine, struktureerimine, s\u00e4ilitamine, kohandamine ja muutmine, p\u00e4ringute sooritamine, lugemine, kasutamine, avaldamine saatmise, levitamise v\u00f5i muul viisil k\u00e4ttesaadavaks tegemise, sobitamise v\u00f5i kombineerimise, piiramise, kustutamise v\u00f5i h\u00e4vitamise kaudu.<\/p>\n\n\n\n<p>K\u00fcpsised on v\u00e4ikesed tekstifailid, mille veebisait salvestab teie arvutisse v\u00f5i nutiseadmesse, kui k\u00fclastate meie veebilehte. See v\u00f5imaldab salvestada teavet eelistuste kohta, nii et te ei peaks seda lehte k\u00fclastades v\u00f5i lehti sirvides uuesti valikuid tegema.<\/p>\n\n\n\n<p>Sellise isikuandmete t\u00f6\u00f6tlemise \u00f5iguslikuks aluseks on isikuandmete t\u00f6\u00f6tlemine andmesubjekti osalusel s\u00f5lmitud lepingu t\u00e4itmiseks v\u00f5i enne lepingu s\u00f5lmimist meetmete v\u00f5tmiseks vastavalt andmesubjekti avaldusele (GDPR art 6 (1)(b)).<\/p>\n\n\n\n<h2 class=\"wp-block-heading\">Veebilehe sirvimise statistika<\/h2>\n\n\n\n<p>Veebilehtede k\u00fclastamisel kogutakse k\u00fclastaja kohta isikustamata tehnilisi andmeid.<\/p>\n\n\n\n<p>Tehnilised andmed on piiratud kasutatava arvuti v\u00f5i arvutiv\u00f5rgu Interneti-aadressi (IP-aadressi), arvuti veebilehitseja ja operatsioonis\u00fcsteemi tarkvaraversiooni, k\u00fclastuse aja (kellaaeg, kuup\u00e4ev, aasta) ja asukohaga. IP-aadressid ei ole seotud \u00fcksikisikut tuvastava teabega.<\/p>\n\n\n\n<p>Kasutame \u00fclalnimetatud andmete kogumiseks automatiseeritud t\u00f6\u00f6riista Google Analytics. Kui te ei soovi seda teavet enda kohta anda, v\u00f5ite keelata oma andmete kogumise Google Analyticsi poolt siin kirjeldatud viisil.<\/p>\n\n\n\n<h2 class=\"wp-block-heading\">K\u00fcpsised<\/h2>\n\n\n\n<p>Meie veebilehed kasutavad pakutavate teenuste kvaliteedi parandamiseks k\u00fcpsiseid. Kasutame seansik\u00fcpsiseid, p\u00fcsik\u00fcpsiseid ja kolmandate osapoolte k\u00fcpsiseid (Google Analytics, Facebook):<br>&#8211; uute ja naasvate klientide tuvastamiseks;<br>&#8211; teie eelistuste (keel, ekraani eraldusv\u00f5ime v\u00f5i fondi suurus) meelespidamiseks;<br>&#8211; teie k\u00fcpsiste kasutamise n\u00f5usoleku meelespidamiseks (kas olete v\u00f5i ei ole n\u00f5ustunud meie k\u00fcpsiste kasutamisega sellel lehel);<br>&#8211; usaldusv\u00e4\u00e4rse teabe kogumiseks lehe k\u00fclastusstatistika kohta, mis v\u00f5imaldab m\u00f5\u00f5ta, kuiv\u00f5rd meie leht vastab kasutajate vajadustele ja teeb v\u00f5imalikke parendusi.<br>K\u00fcpsiste lubamine ei ole veebilehe p\u00f5hifunktsioonide toimimiseks v\u00e4ltimatult vajalik, kuid annab parema sirvimiskogemuse. Soovi korral saate alati k\u00fcpsised kustutada ja blokeerida, kuid seda tehes ei pruugi m\u00f5ned veebisaidi funktsioonid soovitud viisil t\u00f6\u00f6tada.<br>V\u00f5tke arvesse, et m\u00f5ned k\u00fcpsised p\u00e4rinevad kolmandatest osapooltest teenusepakkujatelt, kes t\u00e4idavad m\u00f5ningaid \u00fclesandeid meie nimel.<br>K\u00fcpsistega seotud teavet ei kasutata teie isiku tuvastamiseks ja kogutud andmed on meie kontrolli all. K\u00fcpsiseid ei kasutata \u00fchelgi muul eesm\u00e4rgil kui \u00fclalpool kirjeldatud.<br>Kui kaua me andmeid s\u00e4ilitame?<br>Veebilehel kogutud isikup\u00e4rastamata tehnilisi andmeid s\u00e4ilitatakse t\u00e4htajatult.<br>Isikuandmete jagamine<br>&#8211; V\u00f5ime teha teie isikuandmed, kliendiandmed v\u00f5i \u00e4riandmed k\u00e4ttesaadavaks ettev\u00f5tetele, kes pakuvad meie \u00e4ritegevust toetavaid teenuseid, n\u00e4iteks veebisaidi anal\u00fc\u00fctikutele v\u00f5i klienditeenindajatele. Nendel ettev\u00f5tetel on \u00f5igus kasutada isikuandmeid, kliendiandmeid v\u00f5i \u00e4riandmeid ainult meile teenuste osutamiseks. Teenusepakkujate valikul j\u00e4lgime, et teenusepakkuja asuks Euroopa Majanduspiirkonnas.<br>&#8211; Jagame teie isikuandmeid, kliendiandmeid v\u00f5i \u00e4riandmeid kolmandatele isikutele ainult privaatsusteates kirjeldatud viisil. Me ei m\u00fc\u00fc teie isikuandmeid kolmandatele isikutele.<br>\u00d5igused<br>Teatud juhtudel on teil \u00f5igus n\u00f5uda oma isikuandmete t\u00f6\u00f6tlemise piiramist ja \u00f5igus esitada oma isikuandmete t\u00f6\u00f6tlemise kohta vastuv\u00e4iteid.<br>Kui leiate, et teie privaatsust on rikutud, v\u00f5tke \u00fchendust vastutava andmet\u00f6\u00f6tlejaga. Samuti on teil \u00f5igus esitada kaebus oma alalise elukohariigi andmekaitse j\u00e4relevalveasutusele.<\/p>\n\n\n\n<p><\/p>\n\n\n\n<p><\/p>\n","protected":false},"excerpt":{"rendered":"Andmekaitsetingimused Vastutav andmete t\u00f6\u00f6tlejaStructo Group O\u00dcS\u00e4ra tee 11-6, Peetri 75312, Estoniainfo@structo.ee Isikuandmed on andmed, mida kogume teenuste osutamiseks, isiku tuvastamiseks ja isikuga \u00fchenduse v\u00f5tmiseks teenuse osutamiseks v\u00f5i vaidluste lahendamiseks. Me ei t\u00f6\u00f6tle delikaatseid isikuandmeid, nagu on m\u00e4\u00e4ratletud isikuandmete kaitse \u00fcldm\u00e4\u00e4ruses, st GDPR-is v\u00f5i EL-i m\u00e4\u00e4ruses nr 2016\/679. M\u00f5isted Vastutav t\u00f6\u00f6tleja on f\u00fc\u00fcsiline v\u00f5i juriidiline isik, [&hellip;]","protected":false},"author":1,"featured_media":0,"parent":0,"menu_order":0,"comment_status":"closed","ping_status":"closed","template":"","meta":{"_acf_changed":false,"_uag_custom_page_level_css":"","advgb_blocks_editor_width":"","advgb_blocks_columns_visual_guide":"","footnotes":""},"class_list":["post-796","page","type-page","status-publish","hentry"],"acf":[],"yoast_head":"<!-- This site is optimized with the Yoast SEO plugin v26.8 - https:\/\/yoast.com\/product\/yoast-seo-wordpress\/ -->\n<title>Privaatsuspoliitika - Structo<\/title>\n<meta name=\"robots\" content=\"index, follow, max-snippet:-1, max-image-preview:large, max-video-preview:-1\" \/>\n<link rel=\"canonical\" href=\"https:\/\/structo.ee\/et\/privaatsuspoliitika\/\" \/>\n<meta property=\"og:locale\" content=\"et_EE\" \/>\n<meta property=\"og:type\" content=\"article\" \/>\n<meta property=\"og:title\" content=\"Privaatsuspoliitika - Structo\" \/>\n<meta property=\"og:description\" content=\"Andmekaitsetingimused Vastutav andmete t\u00f6\u00f6tlejaStructo Group O\u00dcS\u00e4ra tee 11-6, Peetri 75312, Estoniainfo@structo.ee Isikuandmed on andmed, mida kogume teenuste osutamiseks, isiku tuvastamiseks ja isikuga \u00fchenduse v\u00f5tmiseks teenuse osutamiseks v\u00f5i vaidluste lahendamiseks. Me ei t\u00f6\u00f6tle delikaatseid isikuandmeid, nagu on m\u00e4\u00e4ratletud isikuandmete kaitse \u00fcldm\u00e4\u00e4ruses, st GDPR-is v\u00f5i EL-i m\u00e4\u00e4ruses nr 2016\/679. M\u00f5isted Vastutav t\u00f6\u00f6tleja on f\u00fc\u00fcsiline v\u00f5i juriidiline isik, [&hellip;]\" \/>\n<meta property=\"og:url\" content=\"https:\/\/structo.ee\/et\/privaatsuspoliitika\/\" \/>\n<meta property=\"og:site_name\" content=\"Structo\" \/>\n<meta property=\"article:modified_time\" content=\"2022-04-05T12:56:59+00:00\" \/>\n<meta name=\"twitter:card\" content=\"summary_large_image\" \/>\n<meta name=\"twitter:label1\" content=\"Est. reading time\" \/>\n\t<meta name=\"twitter:data1\" content=\"3 minutit\" \/>\n<script type=\"application\/ld+json\" class=\"yoast-schema-graph\">{\"@context\":\"https:\/\/schema.org\",\"@graph\":[{\"@type\":\"WebPage\",\"@id\":\"https:\/\/structo.ee\/et\/privaatsuspoliitika\/\",\"url\":\"https:\/\/structo.ee\/et\/privaatsuspoliitika\/\",\"name\":\"Privaatsuspoliitika - Structo\",\"isPartOf\":{\"@id\":\"https:\/\/structo.ee\/#website\"},\"datePublished\":\"2020-09-29T09:21:06+00:00\",\"dateModified\":\"2022-04-05T12:56:59+00:00\",\"breadcrumb\":{\"@id\":\"https:\/\/structo.ee\/et\/privaatsuspoliitika\/#breadcrumb\"},\"inLanguage\":\"et\",\"potentialAction\":[{\"@type\":\"ReadAction\",\"target\":[\"https:\/\/structo.ee\/et\/privaatsuspoliitika\/\"]}]},{\"@type\":\"BreadcrumbList\",\"@id\":\"https:\/\/structo.ee\/et\/privaatsuspoliitika\/#breadcrumb\",\"itemListElement\":[{\"@type\":\"ListItem\",\"position\":1,\"name\":\"Home\",\"item\":\"https:\/\/structo.ee\/et\/\"},{\"@type\":\"ListItem\",\"position\":2,\"name\":\"Privaatsuspoliitika\"}]},{\"@type\":\"WebSite\",\"@id\":\"https:\/\/structo.ee\/#website\",\"url\":\"https:\/\/structo.ee\/\",\"name\":\"Structo\",\"description\":\"\",\"potentialAction\":[{\"@type\":\"SearchAction\",\"target\":{\"@type\":\"EntryPoint\",\"urlTemplate\":\"https:\/\/structo.ee\/?s={search_term_string}\"},\"query-input\":{\"@type\":\"PropertyValueSpecification\",\"valueRequired\":true,\"valueName\":\"search_term_string\"}}],\"inLanguage\":\"et\"}]}<\/script>\n<!-- \/ Yoast SEO plugin. -->","yoast_head_json":{"title":"Privaatsuspoliitika - Structo","robots":{"index":"index","follow":"follow","max-snippet":"max-snippet:-1","max-image-preview":"max-image-preview:large","max-video-preview":"max-video-preview:-1"},"canonical":"https:\/\/structo.ee\/et\/privaatsuspoliitika\/","og_locale":"et_EE","og_type":"article","og_title":"Privaatsuspoliitika - Structo","og_description":"Andmekaitsetingimused Vastutav andmete t\u00f6\u00f6tlejaStructo Group O\u00dcS\u00e4ra tee 11-6, Peetri 75312, Estoniainfo@structo.ee Isikuandmed on andmed, mida kogume teenuste osutamiseks, isiku tuvastamiseks ja isikuga \u00fchenduse v\u00f5tmiseks teenuse osutamiseks v\u00f5i vaidluste lahendamiseks. Me ei t\u00f6\u00f6tle delikaatseid isikuandmeid, nagu on m\u00e4\u00e4ratletud isikuandmete kaitse \u00fcldm\u00e4\u00e4ruses, st GDPR-is v\u00f5i EL-i m\u00e4\u00e4ruses nr 2016\/679. M\u00f5isted Vastutav t\u00f6\u00f6tleja on f\u00fc\u00fcsiline v\u00f5i juriidiline isik, [&hellip;]","og_url":"https:\/\/structo.ee\/et\/privaatsuspoliitika\/","og_site_name":"Structo","article_modified_time":"2022-04-05T12:56:59+00:00","twitter_card":"summary_large_image","twitter_misc":{"Est. reading time":"3 minutit"},"schema":{"@context":"https:\/\/schema.org","@graph":[{"@type":"WebPage","@id":"https:\/\/structo.ee\/et\/privaatsuspoliitika\/","url":"https:\/\/structo.ee\/et\/privaatsuspoliitika\/","name":"Privaatsuspoliitika - Structo","isPartOf":{"@id":"https:\/\/structo.ee\/#website"},"datePublished":"2020-09-29T09:21:06+00:00","dateModified":"2022-04-05T12:56:59+00:00","breadcrumb":{"@id":"https:\/\/structo.ee\/et\/privaatsuspoliitika\/#breadcrumb"},"inLanguage":"et","potentialAction":[{"@type":"ReadAction","target":["https:\/\/structo.ee\/et\/privaatsuspoliitika\/"]}]},{"@type":"BreadcrumbList","@id":"https:\/\/structo.ee\/et\/privaatsuspoliitika\/#breadcrumb","itemListElement":[{"@type":"ListItem","position":1,"name":"Home","item":"https:\/\/structo.ee\/et\/"},{"@type":"ListItem","position":2,"name":"Privaatsuspoliitika"}]},{"@type":"WebSite","@id":"https:\/\/structo.ee\/#website","url":"https:\/\/structo.ee\/","name":"Structo","description":"","potentialAction":[{"@type":"SearchAction","target":{"@type":"EntryPoint","urlTemplate":"https:\/\/structo.ee\/?s={search_term_string}"},"query-input":{"@type":"PropertyValueSpecification","valueRequired":true,"valueName":"search_term_string"}}],"inLanguage":"et"}]}},"uagb_featured_image_src":{"full":false,"thumbnail":false,"medium":false,"medium_large":false,"large":false,"1536x1536":false,"2048x2048":false},"uagb_author_info":{"display_name":"reaktiiv-wp","author_link":"https:\/\/structo.ee\/et\/author\/reaktiiv-st\/"},"uagb_comment_info":0,"uagb_excerpt":"Andmekaitsetingimused Vastutav andmete t\u00f6\u00f6tlejaStructo Group O\u00dcS\u00e4ra tee 11-6, Peetri 75312, Estoniainfo@structo.ee Isikuandmed on andmed, mida kogume teenuste osutamiseks, isiku tuvastamiseks ja isikuga \u00fchenduse v\u00f5tmiseks teenuse osutamiseks v\u00f5i vaidluste lahendamiseks. Me ei t\u00f6\u00f6tle delikaatseid isikuandmeid, nagu on m\u00e4\u00e4ratletud isikuandmete kaitse \u00fcldm\u00e4\u00e4ruses, st GDPR-is v\u00f5i EL-i m\u00e4\u00e4ruses nr 2016\/679. M\u00f5isted Vastutav t\u00f6\u00f6tleja on f\u00fc\u00fcsiline v\u00f5i juriidiline isik,&hellip;","coauthors":[],"author_meta":{"author_link":"https:\/\/structo.ee\/et\/author\/reaktiiv-st\/","display_name":"reaktiiv-wp"},"relative_dates":{"created":"Posted 6 aastat ago","modified":"Updated 4 aastat ago"},"absolute_dates":{"created":"Posted on 29\/09\/2020","modified":"Updated on 05\/04\/2022"},"absolute_dates_time":{"created":"Posted on 29\/09\/2020 12:21","modified":"Updated on 05\/04\/2022 15:56"},"featured_img_caption":"","featured_img":false,"series_order":"","_links":{"self":[{"href":"https:\/\/structo.ee\/et\/wp-json\/wp\/v2\/pages\/796","targetHints":{"allow":["GET"]}}],"collection":[{"href":"https:\/\/structo.ee\/et\/wp-json\/wp\/v2\/pages"}],"about":[{"href":"https:\/\/structo.ee\/et\/wp-json\/wp\/v2\/types\/page"}],"author":[{"embeddable":true,"href":"https:\/\/structo.ee\/et\/wp-json\/wp\/v2\/users\/1"}],"replies":[{"embeddable":true,"href":"https:\/\/structo.ee\/et\/wp-json\/wp\/v2\/comments?post=796"}],"version-history":[{"count":9,"href":"https:\/\/structo.ee\/et\/wp-json\/wp\/v2\/pages\/796\/revisions"}],"predecessor-version":[{"id":2066,"href":"https:\/\/structo.ee\/et\/wp-json\/wp\/v2\/pages\/796\/revisions\/2066"}],"wp:attachment":[{"href":"https:\/\/structo.ee\/et\/wp-json\/wp\/v2\/media?parent=796"}],"curies":[{"name":"wp","href":"https:\/\/api.w.org\/{rel}","templated":true}]}}