{"id":802,"date":"2020-09-19T13:38:41","date_gmt":"2020-09-19T10:38:41","guid":{"rendered":"https:\/\/structo.ee\/about-us\/"},"modified":"2025-09-05T12:33:46","modified_gmt":"2025-09-05T09:33:46","slug":"meist","status":"publish","type":"page","link":"https:\/\/structo.ee\/et\/meist\/","title":{"rendered":"Meist"},"content":{"rendered":"\n<h2 class=\"wp-block-heading\">Meie eesm\u00e4rk on muuta t\u00f6\u00f6- ja eluruumide sisekujundusprotsess v\u00f5imalikult meeldivaks, kiireks ja lihtsaks.<\/h2>\n\n\n\n<div class=\"wp-block-columns is-layout-flex wp-container-core-columns-is-layout-1 wp-block-columns-is-layout-flex\">\n<div class=\"wp-block-column is-layout-flow wp-block-column-is-layout-flow\">\n<p>Me ei tooda tooteid, mis n\u00e4evad head v\u00e4lja, vaid muudame need ka praktiliseks, kauakestvaks ja h\u00f5lpsasti k\u00e4sitsetavaks. K\u00f5ik Structo tooted on valmistatud vastavalt klientide individuaalsetele n\u00f5udmistele. T\u00e4nu sellele sobivad need ideaalselt selleks ette n\u00e4htud ruumidesse ning vastavad k\u00f5ikidele kvaliteedin\u00f5uetele.<\/p>\n<\/div>\n\n\n\n<div class=\"wp-block-column is-layout-flow wp-block-column-is-layout-flow\">\n<p>Structo meeskonda iseloomustavad uuenduslikud ideed ja laitmatud oskused. Meie pidev tootearendus tagab selle, et meiega koost\u00f6\u00f6s on v\u00f5imalik leida parimad lahendused ka k\u00f5ige keerulisemate vajaduste rahuldamiseks.<\/p>\n\n\n\n<p>Meie suurim eesm\u00e4rk on l\u00e4bi oma laialdaste kogemuste ja professionaalsete teadmiste pakkuda k\u00f5ikidele oma klientidele kvaliteetseid tooteid ja rahulolu koost\u00f6\u00f6st.<\/p>\n<\/div>\n<\/div>\n\n\n\n<div style=\"height:20px\" aria-hidden=\"true\" class=\"wp-block-spacer d-lg-none d-block\"><\/div>\n\n\n\n<figure class=\"wp-block-image size-full funding-logo-mobile\"><a href=\"https:\/\/structo.ee\/et\/structo-group-ou-teekaart\/\"><img decoding=\"async\" src=\"https:\/\/structo.rktv.ee\/wp-content\/uploads\/2025\/01\/image.png\" alt=\"\" class=\"wp-image-4875\"\/><\/a><\/figure>\n\n\n\n<div id=\"get-in-touch-block-block_22d14a4009200619f5654b2addb998b4\" class=\"get-in-touch-block\">\n            <div class=\"background\" style=\"background-image: url(https:\/\/structo.ee\/wp-content\/uploads\/2025\/09\/Group-17-Copy-1.png);\"><\/div>\n    \n    <div class=\"contact_table\">\n                    <div class=\"table_title\">\n                <h2>V\u00f5tke meiega \u00fchendust<\/h2>\n            <\/div>\n        \n                    <div class=\"table_content d-flex flex-wrap\">\n                                    \n                    <div class=\"column d-flex\">\n                                                    <div class=\"icon d-flex justify-content-center align-items-center\">\n                                <img decoding=\"async\" src=\"https:\/\/structo.ee\/wp-content\/themes\/structo\/images\/icons\/location_black.svg\" \/>\n                            <\/div>\n                        \n                        <div class=\"text d-flex align-items-center\">\n                                                            <a href=\"https:\/\/www.google.ee\/maps\/place\/Laanemetsa+tee+2,+Soodevahe,+75322+Harju+maakond\/@59.4147987,24.8760601,797m\/data=!3m2!1e3!4b1!4m6!3m5!1s0x4692ec7e7fcb5b57:0x38fc8d5d87ac3133!8m2!3d59.414796!4d24.878635!16s%2Fg%2F11vt6h_k22?entry=ttu&#038;g_ep=EgoyMDI1MDkwMi4wIKXMDSoASAFQAw%3D%3D\" target=\"_BLANK\">Laanemetsa tee 2, Soodevahe k\u00fcla, 75322, Rae vald, Harju maakond<\/a>\n                                                    <\/div>\n                    <\/div>\n                                    \n                    <div class=\"column d-flex\">\n                                                    <div class=\"icon d-flex justify-content-center align-items-center\">\n                                <img decoding=\"async\" src=\"https:\/\/structo.ee\/wp-content\/themes\/structo\/images\/icons\/phone_black.svg\" \/>\n                            <\/div>\n                        \n                        <div class=\"text d-flex align-items-center\">\n                                                            <a href=\"tel:+372 6665017\" target=\"_BLANK\">+372 6665017<\/a>\n                                                    <\/div>\n                    <\/div>\n                                    \n                    <div class=\"column d-flex\">\n                                                    <div class=\"icon d-flex justify-content-center align-items-center\">\n                                <img decoding=\"async\" src=\"https:\/\/structo.ee\/wp-content\/themes\/structo\/images\/icons\/mail_black.svg\" \/>\n                            <\/div>\n                        \n                        <div class=\"text d-flex align-items-center\">\n                                                            <a href=\"mailto:info@structo.ee\" target=\"_BLANK\">info@structo.ee<\/a>\n                                                    <\/div>\n                    <\/div>\n                                    \n                    <div class=\"column d-flex\">\n                        \n                        <div class=\"text d-flex align-items-center\">\n                                                            <p>Structo Group O\u00dc   \u2014   Reg nr 11680038   \u2014   KMKR nr 101307275<\/p>\n\n                                <div class=\"mobile_text\">\n                                    <p>Structo Group O\u00dc<br \/>\nReg nr 11680038<br \/>\nKMKR nr 101307275<\/p>\n                                <\/div>\n                                                    <\/div>\n                    <\/div>\n                            <\/div>\n            <\/div>\n<\/div>","protected":false},"excerpt":{"rendered":"Meie eesm\u00e4rk on muuta t\u00f6\u00f6- ja eluruumide sisekujundusprotsess v\u00f5imalikult meeldivaks, kiireks ja lihtsaks. Me ei tooda tooteid, mis n\u00e4evad head v\u00e4lja, vaid muudame need ka praktiliseks, kauakestvaks ja h\u00f5lpsasti k\u00e4sitsetavaks. K\u00f5ik Structo tooted on valmistatud vastavalt klientide individuaalsetele n\u00f5udmistele. T\u00e4nu sellele sobivad need ideaalselt selleks ette n\u00e4htud ruumidesse ning vastavad k\u00f5ikidele kvaliteedin\u00f5uetele. Structo meeskonda iseloomustavad [&hellip;]","protected":false},"author":1,"featured_media":0,"parent":0,"menu_order":0,"comment_status":"closed","ping_status":"closed","template":"","meta":{"_acf_changed":false,"_uag_custom_page_level_css":"","advgb_blocks_editor_width":"","advgb_blocks_columns_visual_guide":"","footnotes":""},"class_list":["post-802","page","type-page","status-publish","hentry"],"acf":[],"yoast_head":"<!-- This site is optimized with the Yoast SEO plugin v26.8 - https:\/\/yoast.com\/product\/yoast-seo-wordpress\/ -->\n<title>Meist - Structo<\/title>\n<meta name=\"robots\" content=\"index, follow, max-snippet:-1, max-image-preview:large, max-video-preview:-1\" \/>\n<link rel=\"canonical\" href=\"https:\/\/structo.ee\/et\/meist\/\" \/>\n<meta property=\"og:locale\" content=\"et_EE\" \/>\n<meta property=\"og:type\" content=\"article\" \/>\n<meta property=\"og:title\" content=\"Meist - Structo\" \/>\n<meta property=\"og:description\" content=\"Meie eesm\u00e4rk on muuta t\u00f6\u00f6- ja eluruumide sisekujundusprotsess v\u00f5imalikult meeldivaks, kiireks ja lihtsaks. Me ei tooda tooteid, mis n\u00e4evad head v\u00e4lja, vaid muudame need ka praktiliseks, kauakestvaks ja h\u00f5lpsasti k\u00e4sitsetavaks. K\u00f5ik Structo tooted on valmistatud vastavalt klientide individuaalsetele n\u00f5udmistele. T\u00e4nu sellele sobivad need ideaalselt selleks ette n\u00e4htud ruumidesse ning vastavad k\u00f5ikidele kvaliteedin\u00f5uetele. Structo meeskonda iseloomustavad [&hellip;]\" \/>\n<meta property=\"og:url\" content=\"https:\/\/structo.ee\/et\/meist\/\" \/>\n<meta property=\"og:site_name\" content=\"Structo\" \/>\n<meta property=\"article:modified_time\" content=\"2025-09-05T09:33:46+00:00\" \/>\n<meta name=\"twitter:card\" content=\"summary_large_image\" \/>\n<meta name=\"twitter:label1\" content=\"Est. reading time\" \/>\n\t<meta name=\"twitter:data1\" content=\"1 minut\" \/>\n<script type=\"application\/ld+json\" class=\"yoast-schema-graph\">{\"@context\":\"https:\/\/schema.org\",\"@graph\":[{\"@type\":\"WebPage\",\"@id\":\"https:\/\/structo.ee\/et\/meist\/\",\"url\":\"https:\/\/structo.ee\/et\/meist\/\",\"name\":\"Meist - Structo\",\"isPartOf\":{\"@id\":\"https:\/\/structo.ee\/#website\"},\"primaryImageOfPage\":{\"@id\":\"https:\/\/structo.ee\/et\/meist\/#primaryimage\"},\"image\":{\"@id\":\"https:\/\/structo.ee\/et\/meist\/#primaryimage\"},\"thumbnailUrl\":\"https:\/\/structo.rktv.ee\/wp-content\/uploads\/2025\/01\/image.png\",\"datePublished\":\"2020-09-19T10:38:41+00:00\",\"dateModified\":\"2025-09-05T09:33:46+00:00\",\"breadcrumb\":{\"@id\":\"https:\/\/structo.ee\/et\/meist\/#breadcrumb\"},\"inLanguage\":\"et\",\"potentialAction\":[{\"@type\":\"ReadAction\",\"target\":[\"https:\/\/structo.ee\/et\/meist\/\"]}]},{\"@type\":\"ImageObject\",\"inLanguage\":\"et\",\"@id\":\"https:\/\/structo.ee\/et\/meist\/#primaryimage\",\"url\":\"https:\/\/structo.rktv.ee\/wp-content\/uploads\/2025\/01\/image.png\",\"contentUrl\":\"https:\/\/structo.rktv.ee\/wp-content\/uploads\/2025\/01\/image.png\"},{\"@type\":\"BreadcrumbList\",\"@id\":\"https:\/\/structo.ee\/et\/meist\/#breadcrumb\",\"itemListElement\":[{\"@type\":\"ListItem\",\"position\":1,\"name\":\"Home\",\"item\":\"https:\/\/structo.ee\/et\/\"},{\"@type\":\"ListItem\",\"position\":2,\"name\":\"Meist\"}]},{\"@type\":\"WebSite\",\"@id\":\"https:\/\/structo.ee\/#website\",\"url\":\"https:\/\/structo.ee\/\",\"name\":\"Structo\",\"description\":\"\",\"potentialAction\":[{\"@type\":\"SearchAction\",\"target\":{\"@type\":\"EntryPoint\",\"urlTemplate\":\"https:\/\/structo.ee\/?s={search_term_string}\"},\"query-input\":{\"@type\":\"PropertyValueSpecification\",\"valueRequired\":true,\"valueName\":\"search_term_string\"}}],\"inLanguage\":\"et\"}]}<\/script>\n<!-- \/ Yoast SEO plugin. -->","yoast_head_json":{"title":"Meist - Structo","robots":{"index":"index","follow":"follow","max-snippet":"max-snippet:-1","max-image-preview":"max-image-preview:large","max-video-preview":"max-video-preview:-1"},"canonical":"https:\/\/structo.ee\/et\/meist\/","og_locale":"et_EE","og_type":"article","og_title":"Meist - Structo","og_description":"Meie eesm\u00e4rk on muuta t\u00f6\u00f6- ja eluruumide sisekujundusprotsess v\u00f5imalikult meeldivaks, kiireks ja lihtsaks. Me ei tooda tooteid, mis n\u00e4evad head v\u00e4lja, vaid muudame need ka praktiliseks, kauakestvaks ja h\u00f5lpsasti k\u00e4sitsetavaks. K\u00f5ik Structo tooted on valmistatud vastavalt klientide individuaalsetele n\u00f5udmistele. T\u00e4nu sellele sobivad need ideaalselt selleks ette n\u00e4htud ruumidesse ning vastavad k\u00f5ikidele kvaliteedin\u00f5uetele. Structo meeskonda iseloomustavad [&hellip;]","og_url":"https:\/\/structo.ee\/et\/meist\/","og_site_name":"Structo","article_modified_time":"2025-09-05T09:33:46+00:00","twitter_card":"summary_large_image","twitter_misc":{"Est. reading time":"1 minut"},"schema":{"@context":"https:\/\/schema.org","@graph":[{"@type":"WebPage","@id":"https:\/\/structo.ee\/et\/meist\/","url":"https:\/\/structo.ee\/et\/meist\/","name":"Meist - Structo","isPartOf":{"@id":"https:\/\/structo.ee\/#website"},"primaryImageOfPage":{"@id":"https:\/\/structo.ee\/et\/meist\/#primaryimage"},"image":{"@id":"https:\/\/structo.ee\/et\/meist\/#primaryimage"},"thumbnailUrl":"https:\/\/structo.rktv.ee\/wp-content\/uploads\/2025\/01\/image.png","datePublished":"2020-09-19T10:38:41+00:00","dateModified":"2025-09-05T09:33:46+00:00","breadcrumb":{"@id":"https:\/\/structo.ee\/et\/meist\/#breadcrumb"},"inLanguage":"et","potentialAction":[{"@type":"ReadAction","target":["https:\/\/structo.ee\/et\/meist\/"]}]},{"@type":"ImageObject","inLanguage":"et","@id":"https:\/\/structo.ee\/et\/meist\/#primaryimage","url":"https:\/\/structo.rktv.ee\/wp-content\/uploads\/2025\/01\/image.png","contentUrl":"https:\/\/structo.rktv.ee\/wp-content\/uploads\/2025\/01\/image.png"},{"@type":"BreadcrumbList","@id":"https:\/\/structo.ee\/et\/meist\/#breadcrumb","itemListElement":[{"@type":"ListItem","position":1,"name":"Home","item":"https:\/\/structo.ee\/et\/"},{"@type":"ListItem","position":2,"name":"Meist"}]},{"@type":"WebSite","@id":"https:\/\/structo.ee\/#website","url":"https:\/\/structo.ee\/","name":"Structo","description":"","potentialAction":[{"@type":"SearchAction","target":{"@type":"EntryPoint","urlTemplate":"https:\/\/structo.ee\/?s={search_term_string}"},"query-input":{"@type":"PropertyValueSpecification","valueRequired":true,"valueName":"search_term_string"}}],"inLanguage":"et"}]}},"uagb_featured_image_src":{"full":false,"thumbnail":false,"medium":false,"medium_large":false,"large":false,"1536x1536":false,"2048x2048":false},"uagb_author_info":{"display_name":"reaktiiv-wp","author_link":"https:\/\/structo.ee\/et\/author\/reaktiiv-st\/"},"uagb_comment_info":0,"uagb_excerpt":"Meie eesm\u00e4rk on muuta t\u00f6\u00f6- ja eluruumide sisekujundusprotsess v\u00f5imalikult meeldivaks, kiireks ja lihtsaks. Me ei tooda tooteid, mis n\u00e4evad head v\u00e4lja, vaid muudame need ka praktiliseks, kauakestvaks ja h\u00f5lpsasti k\u00e4sitsetavaks. K\u00f5ik Structo tooted on valmistatud vastavalt klientide individuaalsetele n\u00f5udmistele. T\u00e4nu sellele sobivad need ideaalselt selleks ette n\u00e4htud ruumidesse ning vastavad k\u00f5ikidele kvaliteedin\u00f5uetele. Structo meeskonda iseloomustavad&hellip;","coauthors":[],"author_meta":{"author_link":"https:\/\/structo.ee\/et\/author\/reaktiiv-st\/","display_name":"reaktiiv-wp"},"relative_dates":{"created":"Posted 6 aastat ago","modified":"Updated 7 kuud ago"},"absolute_dates":{"created":"Posted on 19\/09\/2020","modified":"Updated on 05\/09\/2025"},"absolute_dates_time":{"created":"Posted on 19\/09\/2020 13:38","modified":"Updated on 05\/09\/2025 12:33"},"featured_img_caption":"","featured_img":false,"series_order":"","_links":{"self":[{"href":"https:\/\/structo.ee\/et\/wp-json\/wp\/v2\/pages\/802","targetHints":{"allow":["GET"]}}],"collection":[{"href":"https:\/\/structo.ee\/et\/wp-json\/wp\/v2\/pages"}],"about":[{"href":"https:\/\/structo.ee\/et\/wp-json\/wp\/v2\/types\/page"}],"author":[{"embeddable":true,"href":"https:\/\/structo.ee\/et\/wp-json\/wp\/v2\/users\/1"}],"replies":[{"embeddable":true,"href":"https:\/\/structo.ee\/et\/wp-json\/wp\/v2\/comments?post=802"}],"version-history":[{"count":20,"href":"https:\/\/structo.ee\/et\/wp-json\/wp\/v2\/pages\/802\/revisions"}],"predecessor-version":[{"id":4905,"href":"https:\/\/structo.ee\/et\/wp-json\/wp\/v2\/pages\/802\/revisions\/4905"}],"wp:attachment":[{"href":"https:\/\/structo.ee\/et\/wp-json\/wp\/v2\/media?parent=802"}],"curies":[{"name":"wp","href":"https:\/\/api.w.org\/{rel}","templated":true}]}}