{"id":797,"date":"2020-09-29T12:21:06","date_gmt":"2020-09-29T09:21:06","guid":{"rendered":"https:\/\/structo.ee\/privacy-policy\/"},"modified":"2022-04-25T12:56:53","modified_gmt":"2022-04-25T09:56:53","slug":"tietosuojakaytanto","status":"publish","type":"page","link":"https:\/\/structo.ee\/fi\/tietosuojakaytanto\/","title":{"rendered":"Tietosuojak\u00e4yt\u00e4nt\u00f6"},"content":{"rendered":"\n<p>Tietosuojaehdot<\/p>\n\n\n\n<p>Rekisterinpit\u00e4j\u00e4<br>Structo Group O\u00dc<br>S\u00e4ra tee 11-6, Peetri 75312, Viro<br>info@structo.ee<\/p>\n\n\n\n<p>Henkil\u00f6tietoja ovat tiedot, joita ker\u00e4\u00e4mme palveluiden tarjoamiseksi, henkil\u00f6n tunnistamiseksi, henkil\u00f6\u00f6n yhteyden ottamiseksi palvelun tarjoamista varten tai riitojen ratkaisemiseksi. Emme k\u00e4sittele arkaluonteisia henkil\u00f6tietoja yleisen tietosuoja-asetuksen eli GDPR:n tai EU-asetuksen nro 2016\/679 m\u00e4\u00e4ritelm\u00e4n mukaisesti.<\/p>\n\n\n\n<h2 class=\"wp-block-heading\"><strong>K\u00e4sitteet<\/strong><\/h2>\n\n\n\n<p>Rekisterinpit\u00e4j\u00e4 on luonnollinen henkil\u00f6 tai oikeushenkil\u00f6, julkisen sektorin laitos, virasto tai muu elin, joka m\u00e4\u00e4ritt\u00e4\u00e4 henkil\u00f6tietojen k\u00e4sittelyn tarkoitukset ja keinot.<\/p>\n\n\n\n<p>Valtuutettu k\u00e4sittelij\u00e4 on luonnollinen henkil\u00f6 tai oikeushenkil\u00f6, julkisen sektorin laitos, virasto tai muu elin, joka k\u00e4sittelee henkil\u00f6tietoja rekisterinpit\u00e4j\u00e4n puolesta.<\/p>\n\n\n\n<p>Henkil\u00f6tiedot ovat mit\u00e4 tahansa tunnistettuun tai tunnistettavissa olevaan henkil\u00f6\u00f6n (j\u00e4ljemp\u00e4n\u00e4 \u201drekister\u00f6ity\u201d) &nbsp;liittyvi\u00e4 tietoja. Tunnistettavissa oleva henkil\u00f6 on henkil\u00f6, joka voidaan tunnistaa suoraan tai v\u00e4lillisesti erityisesti nimen, henkil\u00f6tunnuksen, sijaintitietojen, verkkotunnisteen tai yhden tai useamman fyysisen, fysiologisen, geneettisen, psyykkisen, taloudellisen tunnuksen perusteella; t\u00e4llaisen yksil\u00f6n kulttuurilliset tai sosiaaliset ominaisuudet.<\/p>\n\n\n\n<p>Henkil\u00f6tietojen k\u00e4sittely on henkil\u00f6tiedoilla tai niiden ker\u00e4\u00e4misell\u00e4 teht\u00e4v\u00e4 automatisoitu tai automatisoimaton toimenpide tai toimenpidekokonaisuus, kuten ker\u00e4\u00e4minen, dokumentointi, j\u00e4rjest\u00e4minen, j\u00e4sent\u00e4minen, s\u00e4ilytt\u00e4minen, muokkaaminen ja muuttaminen, hakujen suorittaminen, lukeminen, k\u00e4ytt\u00e4minen, julkaiseminen l\u00e4hett\u00e4m\u00e4ll\u00e4, levitt\u00e4m\u00e4ll\u00e4 tai muulla tavoin saataville asettamalla, sovittamalla tai yhdist\u00e4m\u00e4ll\u00e4, rajoittamalla, poistamalla tai tuhoamalla.<\/p>\n\n\n\n<p>Ev\u00e4steet ovat pieni\u00e4 tekstitiedostoja, joita verkkosivusto tallentaa tietokoneellesi tai \u00e4lylaitteeseesi vieraillessasi verkkosivustollamme. Niiden avulla voidaan tallentaa tietoa mieltymyksist\u00e4si, jotta sinun ei tarvitse tehd\u00e4 valintoja uudelleen vieraillessasi t\u00e4ll\u00e4 sivustolla tai selatessasi sivuja.<\/p>\n\n\n\n<p>T\u00e4llaisen henkil\u00f6tietojen k\u00e4sittelyn oikeusperusteena on henkil\u00f6tietojen k\u00e4sittely rekister\u00f6idyn kanssa tehdyn sopimuksen t\u00e4ytt\u00e4miseksi tai ennen sopimuksen solmimista toimenpiteiden toteuttamiseksi rekister\u00f6idyn pyynn\u00f6n mukaisesti (GDPR art 6 (1)(b)).<\/p>\n\n\n\n<h2 class=\"wp-block-heading\"><strong>Verkkosivuston selaustilastot<\/strong><\/h2>\n\n\n\n<p>Verkkosivulla vierailemisen yhteydess\u00e4 k\u00e4vij\u00e4st\u00e4 ker\u00e4t\u00e4\u00e4n yksil\u00f6im\u00e4tt\u00f6mi\u00e4 teknisi\u00e4 tietoja.<\/p>\n\n\n\n<p>Tekniset tiedot rajoittuvat k\u00e4ytetyn tietokoneen tai tietokoneverkon internet-osoitteeseen (IP-osoite), tietokoneen selaimen ja k\u00e4ytt\u00f6j\u00e4rjestelm\u00e4n ohjelmistoversioon, vierailun ajankohtaan (kellonaika, p\u00e4iv\u00e4m\u00e4\u00e4r\u00e4, vuosi) ja sijaintiin. IP-osoitteita ei yhdistet\u00e4 yksil\u00f6iviin tietoihin.<\/p>\n\n\n\n<p>K\u00e4yt\u00e4mme edell\u00e4 mainittujen tietojen ker\u00e4\u00e4miseen Google Analyticsia, automaattista ty\u00f6kalua. Jos et halua antaa n\u00e4it\u00e4 tietoja itsest\u00e4si, voit kielt\u00e4\u00e4 Google Analyticsin suorittaman tietojesi ker\u00e4\u00e4misen t\u00e4ss\u00e4 kuvatulla tavalla.<\/p>\n\n\n\n<h2 class=\"wp-block-heading\"><strong>Ev\u00e4steet<\/strong><\/h2>\n\n\n\n<p>Verkkosivustomme k\u00e4ytt\u00e4v\u00e4t ev\u00e4steit\u00e4 parantaakseen tarjottavien palveluiden laatua. K\u00e4yt\u00e4mme istuntoev\u00e4steit\u00e4, pysyvi\u00e4 ev\u00e4steit\u00e4 ja kolmansien osapuolten ev\u00e4steit\u00e4 (Google Analytics, Facebook):<br>&#8211; uusien ja palaavien asiakkaiden tunnistamiseen<br>&#8211; mieltymystesi (kieli, n\u00e4yt\u00f6n resoluutio tai fonttikoko) muistamiseen<br>&#8211; ev\u00e4steiden k\u00e4ytt\u00f6\u00f6n liittyv\u00e4n suostumuksesi muistamiseen (riippumatta siit\u00e4, oletko antanut suostumuksesi ev\u00e4steiden k\u00e4ytt\u00f6\u00f6n t\u00e4ll\u00e4 sivustolla)<br>&#8211; sivuston k\u00e4yntitilastoja koskevien luotettavien tietojen ker\u00e4\u00e4miseen siin\u00e4 m\u00e4\u00e4rin, miss\u00e4 sivustomme vastaa k\u00e4ytt\u00e4jien tarpeita ja tekee mahdollisia parannuksia.<\/p>\n\n\n\n<p>Ev\u00e4steiden salliminen ei ole ehdottoman v\u00e4ltt\u00e4m\u00e4t\u00f6nt\u00e4 verkkosivuston perustoimintojen kannalta, mutta se tarjoaa paremman selauskokemuksen. Voit aina halutessasi poistaa ja est\u00e4\u00e4 ev\u00e4steet, mutta se voi est\u00e4\u00e4 joitakin verkkosivuston toimintoja toimimasta tarkoitetulla tavalla.<\/p>\n\n\n\n<p>Huomioi, ett\u00e4 jotkin ev\u00e4steet tulevat kolmannen osapuolen palveluntarjoajilta, jotka suorittavat joitakin teht\u00e4vi\u00e4 puolestamme.<br>Ev\u00e4stetietoja ei k\u00e4ytet\u00e4 henkil\u00f6llisyytesi tunnistamiseen, ja ker\u00e4tyt tiedot ovat meid\u00e4n hallinnassamme. Ev\u00e4steit\u00e4 ei k\u00e4ytet\u00e4 muihin kuin edell\u00e4 mainittuihin tarkoituksiin.<\/p>\n\n\n\n<p><strong>Kuinka kauan s\u00e4ilyt\u00e4mme tietoja?<\/strong><\/p>\n\n\n\n<p>Verkkosivustolla ker\u00e4ttyj\u00e4 muita kuin henkil\u00f6kohtaisia teknisi\u00e4 tietoja s\u00e4ilytet\u00e4\u00e4n m\u00e4\u00e4r\u00e4\u00e4m\u00e4tt\u00f6m\u00e4n ajan.<\/p>\n\n\n\n<p>Henkil\u00f6tietojen jakaminen:<br>&#8211; Voimme antaa henkil\u00f6-, asiakas- tai yritystietoja sellaisten yritysten k\u00e4ytt\u00f6\u00f6n, jotka tarjoavat liiketoimintaamme tukevia palveluja, kuten verkkosivuston analyytikot tai asiakaspalvelijat. N\u00e4ill\u00e4 yrityksill\u00e4 on oikeus k\u00e4ytt\u00e4\u00e4 henkil\u00f6-, asiakas- tai yritystietoja ainoastaan palvelujen tarjoamiseen meille. Palveluntarjoajia valitessamme varmistamme, ett\u00e4 palveluntarjoaja sijaitsee Euroopan talousalueella.<br>&#8211; Jaamme henkil\u00f6-, asiakas- tai yritystietoja kolmansille osapuolille vain t\u00e4ss\u00e4 tietosuojailmoituksessa kuvatulla tavalla. Emme myy henkil\u00f6tietojasi kolmansille osapuolille.<\/p>\n\n\n\n<p><strong>Oikeudet<\/strong><\/p>\n\n\n\n<p>Tietyiss\u00e4 tapauksissa sinulla on oikeus pyyt\u00e4\u00e4 henkil\u00f6tietojesi k\u00e4sittelyn rajoittamista ja vastustaa henkil\u00f6tietojesi k\u00e4sittely\u00e4.<\/p>\n\n\n\n<p>Jos koet, ett\u00e4 yksityisyytt\u00e4si on loukattu, ota yhteytt\u00e4 rekisterinpit\u00e4j\u00e4\u00e4n. Sinulla on my\u00f6s oikeus tehd\u00e4 valitus asuinmaasi tietosuojaviranomaiselle.<\/p>\n\n\n\n<p><\/p>\n","protected":false},"excerpt":{"rendered":"Tietosuojaehdot Rekisterinpit\u00e4j\u00e4Structo Group O\u00dcS\u00e4ra tee 11-6, Peetri 75312, Viroinfo@structo.ee Henkil\u00f6tietoja ovat tiedot, joita ker\u00e4\u00e4mme palveluiden tarjoamiseksi, henkil\u00f6n tunnistamiseksi, henkil\u00f6\u00f6n yhteyden ottamiseksi palvelun tarjoamista varten tai riitojen ratkaisemiseksi. Emme k\u00e4sittele arkaluonteisia henkil\u00f6tietoja yleisen tietosuoja-asetuksen eli GDPR:n tai EU-asetuksen nro 2016\/679 m\u00e4\u00e4ritelm\u00e4n mukaisesti. K\u00e4sitteet Rekisterinpit\u00e4j\u00e4 on luonnollinen henkil\u00f6 tai oikeushenkil\u00f6, julkisen sektorin laitos, virasto tai muu elin, [&hellip;]","protected":false},"author":1,"featured_media":0,"parent":0,"menu_order":0,"comment_status":"closed","ping_status":"closed","template":"","meta":{"_acf_changed":false,"_uag_custom_page_level_css":"","advgb_blocks_editor_width":"","advgb_blocks_columns_visual_guide":"","footnotes":""},"class_list":["post-797","page","type-page","status-publish","hentry"],"acf":[],"yoast_head":"<!-- This site is optimized with the Yoast SEO plugin v26.8 - https:\/\/yoast.com\/product\/yoast-seo-wordpress\/ -->\n<title>Tietosuojak\u00e4yt\u00e4nt\u00f6 - Structo<\/title>\n<meta name=\"robots\" content=\"index, follow, max-snippet:-1, max-image-preview:large, max-video-preview:-1\" \/>\n<link rel=\"canonical\" href=\"https:\/\/structo.ee\/fi\/tietosuojakaytanto\/\" \/>\n<meta property=\"og:locale\" content=\"fi_FI\" \/>\n<meta property=\"og:type\" content=\"article\" \/>\n<meta property=\"og:title\" content=\"Tietosuojak\u00e4yt\u00e4nt\u00f6 - Structo\" \/>\n<meta property=\"og:description\" content=\"Tietosuojaehdot Rekisterinpit\u00e4j\u00e4Structo Group O\u00dcS\u00e4ra tee 11-6, Peetri 75312, Viroinfo@structo.ee Henkil\u00f6tietoja ovat tiedot, joita ker\u00e4\u00e4mme palveluiden tarjoamiseksi, henkil\u00f6n tunnistamiseksi, henkil\u00f6\u00f6n yhteyden ottamiseksi palvelun tarjoamista varten tai riitojen ratkaisemiseksi. Emme k\u00e4sittele arkaluonteisia henkil\u00f6tietoja yleisen tietosuoja-asetuksen eli GDPR:n tai EU-asetuksen nro 2016\/679 m\u00e4\u00e4ritelm\u00e4n mukaisesti. K\u00e4sitteet Rekisterinpit\u00e4j\u00e4 on luonnollinen henkil\u00f6 tai oikeushenkil\u00f6, julkisen sektorin laitos, virasto tai muu elin, [&hellip;]\" \/>\n<meta property=\"og:url\" content=\"https:\/\/structo.ee\/fi\/tietosuojakaytanto\/\" \/>\n<meta property=\"og:site_name\" content=\"Structo\" \/>\n<meta property=\"article:modified_time\" content=\"2022-04-25T09:56:53+00:00\" \/>\n<meta name=\"twitter:card\" content=\"summary_large_image\" \/>\n<meta name=\"twitter:label1\" content=\"Arvioitu lukuaika\" \/>\n\t<meta name=\"twitter:data1\" content=\"3 minuuttia\" \/>\n<script type=\"application\/ld+json\" class=\"yoast-schema-graph\">{\"@context\":\"https:\/\/schema.org\",\"@graph\":[{\"@type\":\"WebPage\",\"@id\":\"https:\/\/structo.ee\/fi\/tietosuojakaytanto\/\",\"url\":\"https:\/\/structo.ee\/fi\/tietosuojakaytanto\/\",\"name\":\"Tietosuojak\u00e4yt\u00e4nt\u00f6 - Structo\",\"isPartOf\":{\"@id\":\"https:\/\/structo.ee\/#website\"},\"datePublished\":\"2020-09-29T09:21:06+00:00\",\"dateModified\":\"2022-04-25T09:56:53+00:00\",\"breadcrumb\":{\"@id\":\"https:\/\/structo.ee\/fi\/tietosuojakaytanto\/#breadcrumb\"},\"inLanguage\":\"fi\",\"potentialAction\":[{\"@type\":\"ReadAction\",\"target\":[\"https:\/\/structo.ee\/fi\/tietosuojakaytanto\/\"]}]},{\"@type\":\"BreadcrumbList\",\"@id\":\"https:\/\/structo.ee\/fi\/tietosuojakaytanto\/#breadcrumb\",\"itemListElement\":[{\"@type\":\"ListItem\",\"position\":1,\"name\":\"Home\",\"item\":\"https:\/\/structo.ee\/fi\/\"},{\"@type\":\"ListItem\",\"position\":2,\"name\":\"Tietosuojak\u00e4yt\u00e4nt\u00f6\"}]},{\"@type\":\"WebSite\",\"@id\":\"https:\/\/structo.ee\/#website\",\"url\":\"https:\/\/structo.ee\/\",\"name\":\"Structo\",\"description\":\"\",\"potentialAction\":[{\"@type\":\"SearchAction\",\"target\":{\"@type\":\"EntryPoint\",\"urlTemplate\":\"https:\/\/structo.ee\/?s={search_term_string}\"},\"query-input\":{\"@type\":\"PropertyValueSpecification\",\"valueRequired\":true,\"valueName\":\"search_term_string\"}}],\"inLanguage\":\"fi\"}]}<\/script>\n<!-- \/ Yoast SEO plugin. -->","yoast_head_json":{"title":"Tietosuojak\u00e4yt\u00e4nt\u00f6 - Structo","robots":{"index":"index","follow":"follow","max-snippet":"max-snippet:-1","max-image-preview":"max-image-preview:large","max-video-preview":"max-video-preview:-1"},"canonical":"https:\/\/structo.ee\/fi\/tietosuojakaytanto\/","og_locale":"fi_FI","og_type":"article","og_title":"Tietosuojak\u00e4yt\u00e4nt\u00f6 - Structo","og_description":"Tietosuojaehdot Rekisterinpit\u00e4j\u00e4Structo Group O\u00dcS\u00e4ra tee 11-6, Peetri 75312, Viroinfo@structo.ee Henkil\u00f6tietoja ovat tiedot, joita ker\u00e4\u00e4mme palveluiden tarjoamiseksi, henkil\u00f6n tunnistamiseksi, henkil\u00f6\u00f6n yhteyden ottamiseksi palvelun tarjoamista varten tai riitojen ratkaisemiseksi. Emme k\u00e4sittele arkaluonteisia henkil\u00f6tietoja yleisen tietosuoja-asetuksen eli GDPR:n tai EU-asetuksen nro 2016\/679 m\u00e4\u00e4ritelm\u00e4n mukaisesti. K\u00e4sitteet Rekisterinpit\u00e4j\u00e4 on luonnollinen henkil\u00f6 tai oikeushenkil\u00f6, julkisen sektorin laitos, virasto tai muu elin, [&hellip;]","og_url":"https:\/\/structo.ee\/fi\/tietosuojakaytanto\/","og_site_name":"Structo","article_modified_time":"2022-04-25T09:56:53+00:00","twitter_card":"summary_large_image","twitter_misc":{"Arvioitu lukuaika":"3 minuuttia"},"schema":{"@context":"https:\/\/schema.org","@graph":[{"@type":"WebPage","@id":"https:\/\/structo.ee\/fi\/tietosuojakaytanto\/","url":"https:\/\/structo.ee\/fi\/tietosuojakaytanto\/","name":"Tietosuojak\u00e4yt\u00e4nt\u00f6 - Structo","isPartOf":{"@id":"https:\/\/structo.ee\/#website"},"datePublished":"2020-09-29T09:21:06+00:00","dateModified":"2022-04-25T09:56:53+00:00","breadcrumb":{"@id":"https:\/\/structo.ee\/fi\/tietosuojakaytanto\/#breadcrumb"},"inLanguage":"fi","potentialAction":[{"@type":"ReadAction","target":["https:\/\/structo.ee\/fi\/tietosuojakaytanto\/"]}]},{"@type":"BreadcrumbList","@id":"https:\/\/structo.ee\/fi\/tietosuojakaytanto\/#breadcrumb","itemListElement":[{"@type":"ListItem","position":1,"name":"Home","item":"https:\/\/structo.ee\/fi\/"},{"@type":"ListItem","position":2,"name":"Tietosuojak\u00e4yt\u00e4nt\u00f6"}]},{"@type":"WebSite","@id":"https:\/\/structo.ee\/#website","url":"https:\/\/structo.ee\/","name":"Structo","description":"","potentialAction":[{"@type":"SearchAction","target":{"@type":"EntryPoint","urlTemplate":"https:\/\/structo.ee\/?s={search_term_string}"},"query-input":{"@type":"PropertyValueSpecification","valueRequired":true,"valueName":"search_term_string"}}],"inLanguage":"fi"}]}},"uagb_featured_image_src":{"full":false,"thumbnail":false,"medium":false,"medium_large":false,"large":false,"1536x1536":false,"2048x2048":false},"uagb_author_info":{"display_name":"reaktiiv-wp","author_link":"https:\/\/structo.ee\/fi\/author\/reaktiiv-st\/"},"uagb_comment_info":0,"uagb_excerpt":"Tietosuojaehdot Rekisterinpit\u00e4j\u00e4Structo Group O\u00dcS\u00e4ra tee 11-6, Peetri 75312, Viroinfo@structo.ee Henkil\u00f6tietoja ovat tiedot, joita ker\u00e4\u00e4mme palveluiden tarjoamiseksi, henkil\u00f6n tunnistamiseksi, henkil\u00f6\u00f6n yhteyden ottamiseksi palvelun tarjoamista varten tai riitojen ratkaisemiseksi. Emme k\u00e4sittele arkaluonteisia henkil\u00f6tietoja yleisen tietosuoja-asetuksen eli GDPR:n tai EU-asetuksen nro 2016\/679 m\u00e4\u00e4ritelm\u00e4n mukaisesti. K\u00e4sitteet Rekisterinpit\u00e4j\u00e4 on luonnollinen henkil\u00f6 tai oikeushenkil\u00f6, julkisen sektorin laitos, virasto tai muu elin,&hellip;","coauthors":[],"author_meta":{"author_link":"https:\/\/structo.ee\/fi\/author\/reaktiiv-st\/","display_name":"reaktiiv-wp"},"relative_dates":{"created":"Posted 6 vuotta ago","modified":"Updated 4 vuotta ago"},"absolute_dates":{"created":"Posted on 29\/09\/2020","modified":"Updated on 25\/04\/2022"},"absolute_dates_time":{"created":"Posted on 29\/09\/2020 12:21","modified":"Updated on 25\/04\/2022 12:56"},"featured_img_caption":"","featured_img":false,"series_order":"","_links":{"self":[{"href":"https:\/\/structo.ee\/fi\/wp-json\/wp\/v2\/pages\/797","targetHints":{"allow":["GET"]}}],"collection":[{"href":"https:\/\/structo.ee\/fi\/wp-json\/wp\/v2\/pages"}],"about":[{"href":"https:\/\/structo.ee\/fi\/wp-json\/wp\/v2\/types\/page"}],"author":[{"embeddable":true,"href":"https:\/\/structo.ee\/fi\/wp-json\/wp\/v2\/users\/1"}],"replies":[{"embeddable":true,"href":"https:\/\/structo.ee\/fi\/wp-json\/wp\/v2\/comments?post=797"}],"version-history":[{"count":5,"href":"https:\/\/structo.ee\/fi\/wp-json\/wp\/v2\/pages\/797\/revisions"}],"predecessor-version":[{"id":2212,"href":"https:\/\/structo.ee\/fi\/wp-json\/wp\/v2\/pages\/797\/revisions\/2212"}],"wp:attachment":[{"href":"https:\/\/structo.ee\/fi\/wp-json\/wp\/v2\/media?parent=797"}],"curies":[{"name":"wp","href":"https:\/\/api.w.org\/{rel}","templated":true}]}}