{"id":804,"date":"2020-09-19T13:38:41","date_gmt":"2020-09-19T10:38:41","guid":{"rendered":"https:\/\/structo.ee\/about-us\/"},"modified":"2025-09-05T12:34:46","modified_gmt":"2025-09-05T09:34:46","slug":"yritys","status":"publish","type":"page","link":"https:\/\/structo.ee\/fi\/yritys\/","title":{"rendered":"Yritys"},"content":{"rendered":"\n<h2 class=\"wp-block-heading\"><strong>Tavoitteenamme on tehd\u00e4 ty\u00f6- ja asuintilojen sisustusprosessista mahdollisimman miellytt\u00e4v\u00e4, nopea ja helppo.<\/strong><\/h2>\n\n\n\n<div class=\"wp-block-columns is-layout-flex wp-container-core-columns-is-layout-1 wp-block-columns-is-layout-flex\">\n<div class=\"wp-block-column is-layout-flow wp-block-column-is-layout-flow\">\n<p>Emme valmista vain hyv\u00e4nn\u00e4k\u00f6isi\u00e4 tuotteita, vaan teemme niist\u00e4 my\u00f6s k\u00e4yt\u00e4nn\u00f6llisi\u00e4, kest\u00e4vi\u00e4 ja helppok\u00e4ytt\u00f6isi\u00e4. Kaikki Structon tuotteet valmistetaan asiakkaan yksil\u00f6llisten vaatimusten mukaisesti. Siksi ne soveltuvat erinomaisesti niille tarkoitettuun tilaan ja t\u00e4ytt\u00e4v\u00e4t kaikki laatuvaatimukset.<\/p>\n<\/div>\n\n\n\n<div class=\"wp-block-column is-layout-flow wp-block-column-is-layout-flow\">\n<p>Structon tiimi\u00e4 luonnehtivat innovatiiviset ideat ja moitteeton ammattitaito. Jatkuva tuotekehityksemme takaa, ett\u00e4 yhteisty\u00f6ss\u00e4 kanssamme on mahdollista l\u00f6yt\u00e4\u00e4 parhaat ratkaisut my\u00f6s eritt\u00e4in hankaliin tarpeisiin.<\/p>\n\n\n\n<p>Suurin tavoitteemme on tarjota laajan kokemuksemme ja ammattitaitomme avulla kaikille asiakkaillemme laadukkaita tuotteita ja tyytyv\u00e4isyytt\u00e4 yhteisty\u00f6h\u00f6n. <\/p>\n<\/div>\n<\/div>\n\n\n\n<div style=\"height:20px\" aria-hidden=\"true\" class=\"wp-block-spacer d-lg-none d-block\"><\/div>\n\n\n\n<figure class=\"wp-block-image size-full funding-logo-mobile\"><a href=\"https:\/\/structo.ee\/et\/structo-group-ou-teekaart\/\"><img decoding=\"async\" src=\"https:\/\/structo.rktv.ee\/wp-content\/uploads\/2025\/01\/image.png\" alt=\"\" class=\"wp-image-4875\"\/><\/a><\/figure>\n\n\n\n<div id=\"get-in-touch-block-block_f4469b24aa90227e967b6184f25ea74f\" class=\"get-in-touch-block\">\n            <div class=\"background\" style=\"background-image: url(https:\/\/structo.ee\/wp-content\/uploads\/2025\/09\/Group-17-Copy-1.png);\"><\/div>\n    \n    <div class=\"contact_table\">\n                    <div class=\"table_title\">\n                <h2>Ota yhteytt\u00e4<\/h2>\n            <\/div>\n        \n                    <div class=\"table_content d-flex flex-wrap\">\n                                    \n                    <div class=\"column d-flex\">\n                                                    <div class=\"icon d-flex justify-content-center align-items-center\">\n                                <img decoding=\"async\" src=\"https:\/\/structo.ee\/wp-content\/themes\/structo\/images\/icons\/location_black.svg\" \/>\n                            <\/div>\n                        \n                        <div class=\"text d-flex align-items-center\">\n                                                            <a href=\"https:\/\/www.google.ee\/maps\/place\/Laanemetsa+tee+2,+Soodevahe,+75322+Harju+maakond\/@59.4147987,24.8760601,797m\/data=!3m2!1e3!4b1!4m6!3m5!1s0x4692ec7e7fcb5b57:0x38fc8d5d87ac3133!8m2!3d59.414796!4d24.878635!16s%2Fg%2F11vt6h_k22?entry=ttu&#038;g_ep=EgoyMDI1MDkwMi4wIKXMDSoASAFQAw%3D%3D\" target=\"_BLANK\">Laanemetsa tee 2, Soodevahe k\u00fcla, 75322, Rae vald, Harju maakond<\/a>\n                                                    <\/div>\n                    <\/div>\n                                    \n                    <div class=\"column d-flex\">\n                                                    <div class=\"icon d-flex justify-content-center align-items-center\">\n                                <img decoding=\"async\" src=\"https:\/\/structo.ee\/wp-content\/themes\/structo\/images\/icons\/phone_black.svg\" \/>\n                            <\/div>\n                        \n                        <div class=\"text d-flex align-items-center\">\n                                                            <a href=\"tel:+372 6665017\" target=\"_BLANK\">+372 6665017<\/a>\n                                                    <\/div>\n                    <\/div>\n                                    \n                    <div class=\"column d-flex\">\n                                                    <div class=\"icon d-flex justify-content-center align-items-center\">\n                                <img decoding=\"async\" src=\"https:\/\/structo.ee\/wp-content\/themes\/structo\/images\/icons\/mail_black.svg\" \/>\n                            <\/div>\n                        \n                        <div class=\"text d-flex align-items-center\">\n                                                            <a href=\"mailto:info@structo.ee\" target=\"_BLANK\">info@structo.ee<\/a>\n                                                    <\/div>\n                    <\/div>\n                                    \n                    <div class=\"column d-flex\">\n                        \n                        <div class=\"text d-flex align-items-center\">\n                                                            <p>Structo Group O\u00dc   \u2014   Rek.nro 11680038   \u2014   ALV-nro 101307275<\/p>\n\n                                <div class=\"mobile_text\">\n                                    <p>Structo Group O\u00dc<br \/>\nRek.nro 11680038<br \/>\nALV-nro 101307275<\/p>\n                                <\/div>\n                                                    <\/div>\n                    <\/div>\n                            <\/div>\n            <\/div>\n<\/div>","protected":false},"excerpt":{"rendered":"Tavoitteenamme on tehd\u00e4 ty\u00f6- ja asuintilojen sisustusprosessista mahdollisimman miellytt\u00e4v\u00e4, nopea ja helppo. Emme valmista vain hyv\u00e4nn\u00e4k\u00f6isi\u00e4 tuotteita, vaan teemme niist\u00e4 my\u00f6s k\u00e4yt\u00e4nn\u00f6llisi\u00e4, kest\u00e4vi\u00e4 ja helppok\u00e4ytt\u00f6isi\u00e4. Kaikki Structon tuotteet valmistetaan asiakkaan yksil\u00f6llisten vaatimusten mukaisesti. Siksi ne soveltuvat erinomaisesti niille tarkoitettuun tilaan ja t\u00e4ytt\u00e4v\u00e4t kaikki laatuvaatimukset. Structon tiimi\u00e4 luonnehtivat innovatiiviset ideat ja moitteeton ammattitaito. Jatkuva tuotekehityksemme takaa, [&hellip;]","protected":false},"author":1,"featured_media":0,"parent":0,"menu_order":0,"comment_status":"closed","ping_status":"closed","template":"","meta":{"_acf_changed":false,"_uag_custom_page_level_css":"","advgb_blocks_editor_width":"","advgb_blocks_columns_visual_guide":"","footnotes":""},"class_list":["post-804","page","type-page","status-publish","hentry"],"acf":[],"yoast_head":"<!-- This site is optimized with the Yoast SEO plugin v26.8 - https:\/\/yoast.com\/product\/yoast-seo-wordpress\/ -->\n<title>Yritys - Structo<\/title>\n<meta name=\"robots\" content=\"index, follow, max-snippet:-1, max-image-preview:large, max-video-preview:-1\" \/>\n<link rel=\"canonical\" href=\"https:\/\/structo.ee\/fi\/yritys\/\" \/>\n<meta property=\"og:locale\" content=\"fi_FI\" \/>\n<meta property=\"og:type\" content=\"article\" \/>\n<meta property=\"og:title\" content=\"Yritys - Structo\" \/>\n<meta property=\"og:description\" content=\"Tavoitteenamme on tehd\u00e4 ty\u00f6- ja asuintilojen sisustusprosessista mahdollisimman miellytt\u00e4v\u00e4, nopea ja helppo. Emme valmista vain hyv\u00e4nn\u00e4k\u00f6isi\u00e4 tuotteita, vaan teemme niist\u00e4 my\u00f6s k\u00e4yt\u00e4nn\u00f6llisi\u00e4, kest\u00e4vi\u00e4 ja helppok\u00e4ytt\u00f6isi\u00e4. Kaikki Structon tuotteet valmistetaan asiakkaan yksil\u00f6llisten vaatimusten mukaisesti. Siksi ne soveltuvat erinomaisesti niille tarkoitettuun tilaan ja t\u00e4ytt\u00e4v\u00e4t kaikki laatuvaatimukset. Structon tiimi\u00e4 luonnehtivat innovatiiviset ideat ja moitteeton ammattitaito. Jatkuva tuotekehityksemme takaa, [&hellip;]\" \/>\n<meta property=\"og:url\" content=\"https:\/\/structo.ee\/fi\/yritys\/\" \/>\n<meta property=\"og:site_name\" content=\"Structo\" \/>\n<meta property=\"article:modified_time\" content=\"2025-09-05T09:34:46+00:00\" \/>\n<meta name=\"twitter:card\" content=\"summary_large_image\" \/>\n<meta name=\"twitter:label1\" content=\"Arvioitu lukuaika\" \/>\n\t<meta name=\"twitter:data1\" content=\"1 minuutti\" \/>\n<script type=\"application\/ld+json\" class=\"yoast-schema-graph\">{\"@context\":\"https:\/\/schema.org\",\"@graph\":[{\"@type\":\"WebPage\",\"@id\":\"https:\/\/structo.ee\/fi\/yritys\/\",\"url\":\"https:\/\/structo.ee\/fi\/yritys\/\",\"name\":\"Yritys - Structo\",\"isPartOf\":{\"@id\":\"https:\/\/structo.ee\/#website\"},\"primaryImageOfPage\":{\"@id\":\"https:\/\/structo.ee\/fi\/yritys\/#primaryimage\"},\"image\":{\"@id\":\"https:\/\/structo.ee\/fi\/yritys\/#primaryimage\"},\"thumbnailUrl\":\"https:\/\/structo.rktv.ee\/wp-content\/uploads\/2025\/01\/image.png\",\"datePublished\":\"2020-09-19T10:38:41+00:00\",\"dateModified\":\"2025-09-05T09:34:46+00:00\",\"breadcrumb\":{\"@id\":\"https:\/\/structo.ee\/fi\/yritys\/#breadcrumb\"},\"inLanguage\":\"fi\",\"potentialAction\":[{\"@type\":\"ReadAction\",\"target\":[\"https:\/\/structo.ee\/fi\/yritys\/\"]}]},{\"@type\":\"ImageObject\",\"inLanguage\":\"fi\",\"@id\":\"https:\/\/structo.ee\/fi\/yritys\/#primaryimage\",\"url\":\"https:\/\/structo.rktv.ee\/wp-content\/uploads\/2025\/01\/image.png\",\"contentUrl\":\"https:\/\/structo.rktv.ee\/wp-content\/uploads\/2025\/01\/image.png\"},{\"@type\":\"BreadcrumbList\",\"@id\":\"https:\/\/structo.ee\/fi\/yritys\/#breadcrumb\",\"itemListElement\":[{\"@type\":\"ListItem\",\"position\":1,\"name\":\"Home\",\"item\":\"https:\/\/structo.ee\/fi\/\"},{\"@type\":\"ListItem\",\"position\":2,\"name\":\"Yritys\"}]},{\"@type\":\"WebSite\",\"@id\":\"https:\/\/structo.ee\/#website\",\"url\":\"https:\/\/structo.ee\/\",\"name\":\"Structo\",\"description\":\"\",\"potentialAction\":[{\"@type\":\"SearchAction\",\"target\":{\"@type\":\"EntryPoint\",\"urlTemplate\":\"https:\/\/structo.ee\/?s={search_term_string}\"},\"query-input\":{\"@type\":\"PropertyValueSpecification\",\"valueRequired\":true,\"valueName\":\"search_term_string\"}}],\"inLanguage\":\"fi\"}]}<\/script>\n<!-- \/ Yoast SEO plugin. -->","yoast_head_json":{"title":"Yritys - Structo","robots":{"index":"index","follow":"follow","max-snippet":"max-snippet:-1","max-image-preview":"max-image-preview:large","max-video-preview":"max-video-preview:-1"},"canonical":"https:\/\/structo.ee\/fi\/yritys\/","og_locale":"fi_FI","og_type":"article","og_title":"Yritys - Structo","og_description":"Tavoitteenamme on tehd\u00e4 ty\u00f6- ja asuintilojen sisustusprosessista mahdollisimman miellytt\u00e4v\u00e4, nopea ja helppo. Emme valmista vain hyv\u00e4nn\u00e4k\u00f6isi\u00e4 tuotteita, vaan teemme niist\u00e4 my\u00f6s k\u00e4yt\u00e4nn\u00f6llisi\u00e4, kest\u00e4vi\u00e4 ja helppok\u00e4ytt\u00f6isi\u00e4. Kaikki Structon tuotteet valmistetaan asiakkaan yksil\u00f6llisten vaatimusten mukaisesti. Siksi ne soveltuvat erinomaisesti niille tarkoitettuun tilaan ja t\u00e4ytt\u00e4v\u00e4t kaikki laatuvaatimukset. Structon tiimi\u00e4 luonnehtivat innovatiiviset ideat ja moitteeton ammattitaito. Jatkuva tuotekehityksemme takaa, [&hellip;]","og_url":"https:\/\/structo.ee\/fi\/yritys\/","og_site_name":"Structo","article_modified_time":"2025-09-05T09:34:46+00:00","twitter_card":"summary_large_image","twitter_misc":{"Arvioitu lukuaika":"1 minuutti"},"schema":{"@context":"https:\/\/schema.org","@graph":[{"@type":"WebPage","@id":"https:\/\/structo.ee\/fi\/yritys\/","url":"https:\/\/structo.ee\/fi\/yritys\/","name":"Yritys - Structo","isPartOf":{"@id":"https:\/\/structo.ee\/#website"},"primaryImageOfPage":{"@id":"https:\/\/structo.ee\/fi\/yritys\/#primaryimage"},"image":{"@id":"https:\/\/structo.ee\/fi\/yritys\/#primaryimage"},"thumbnailUrl":"https:\/\/structo.rktv.ee\/wp-content\/uploads\/2025\/01\/image.png","datePublished":"2020-09-19T10:38:41+00:00","dateModified":"2025-09-05T09:34:46+00:00","breadcrumb":{"@id":"https:\/\/structo.ee\/fi\/yritys\/#breadcrumb"},"inLanguage":"fi","potentialAction":[{"@type":"ReadAction","target":["https:\/\/structo.ee\/fi\/yritys\/"]}]},{"@type":"ImageObject","inLanguage":"fi","@id":"https:\/\/structo.ee\/fi\/yritys\/#primaryimage","url":"https:\/\/structo.rktv.ee\/wp-content\/uploads\/2025\/01\/image.png","contentUrl":"https:\/\/structo.rktv.ee\/wp-content\/uploads\/2025\/01\/image.png"},{"@type":"BreadcrumbList","@id":"https:\/\/structo.ee\/fi\/yritys\/#breadcrumb","itemListElement":[{"@type":"ListItem","position":1,"name":"Home","item":"https:\/\/structo.ee\/fi\/"},{"@type":"ListItem","position":2,"name":"Yritys"}]},{"@type":"WebSite","@id":"https:\/\/structo.ee\/#website","url":"https:\/\/structo.ee\/","name":"Structo","description":"","potentialAction":[{"@type":"SearchAction","target":{"@type":"EntryPoint","urlTemplate":"https:\/\/structo.ee\/?s={search_term_string}"},"query-input":{"@type":"PropertyValueSpecification","valueRequired":true,"valueName":"search_term_string"}}],"inLanguage":"fi"}]}},"uagb_featured_image_src":{"full":false,"thumbnail":false,"medium":false,"medium_large":false,"large":false,"1536x1536":false,"2048x2048":false},"uagb_author_info":{"display_name":"reaktiiv-wp","author_link":"https:\/\/structo.ee\/fi\/author\/reaktiiv-st\/"},"uagb_comment_info":0,"uagb_excerpt":"Tavoitteenamme on tehd\u00e4 ty\u00f6- ja asuintilojen sisustusprosessista mahdollisimman miellytt\u00e4v\u00e4, nopea ja helppo. Emme valmista vain hyv\u00e4nn\u00e4k\u00f6isi\u00e4 tuotteita, vaan teemme niist\u00e4 my\u00f6s k\u00e4yt\u00e4nn\u00f6llisi\u00e4, kest\u00e4vi\u00e4 ja helppok\u00e4ytt\u00f6isi\u00e4. Kaikki Structon tuotteet valmistetaan asiakkaan yksil\u00f6llisten vaatimusten mukaisesti. Siksi ne soveltuvat erinomaisesti niille tarkoitettuun tilaan ja t\u00e4ytt\u00e4v\u00e4t kaikki laatuvaatimukset. Structon tiimi\u00e4 luonnehtivat innovatiiviset ideat ja moitteeton ammattitaito. Jatkuva tuotekehityksemme takaa,&hellip;","coauthors":[],"author_meta":{"author_link":"https:\/\/structo.ee\/fi\/author\/reaktiiv-st\/","display_name":"reaktiiv-wp"},"relative_dates":{"created":"Posted 6 vuotta ago","modified":"Updated 7 kuukautta ago"},"absolute_dates":{"created":"Posted on 19\/09\/2020","modified":"Updated on 05\/09\/2025"},"absolute_dates_time":{"created":"Posted on 19\/09\/2020 13:38","modified":"Updated on 05\/09\/2025 12:34"},"featured_img_caption":"","featured_img":false,"series_order":"","_links":{"self":[{"href":"https:\/\/structo.ee\/fi\/wp-json\/wp\/v2\/pages\/804","targetHints":{"allow":["GET"]}}],"collection":[{"href":"https:\/\/structo.ee\/fi\/wp-json\/wp\/v2\/pages"}],"about":[{"href":"https:\/\/structo.ee\/fi\/wp-json\/wp\/v2\/types\/page"}],"author":[{"embeddable":true,"href":"https:\/\/structo.ee\/fi\/wp-json\/wp\/v2\/users\/1"}],"replies":[{"embeddable":true,"href":"https:\/\/structo.ee\/fi\/wp-json\/wp\/v2\/comments?post=804"}],"version-history":[{"count":15,"href":"https:\/\/structo.ee\/fi\/wp-json\/wp\/v2\/pages\/804\/revisions"}],"predecessor-version":[{"id":4907,"href":"https:\/\/structo.ee\/fi\/wp-json\/wp\/v2\/pages\/804\/revisions\/4907"}],"wp:attachment":[{"href":"https:\/\/structo.ee\/fi\/wp-json\/wp\/v2\/media?parent=804"}],"curies":[{"name":"wp","href":"https:\/\/api.w.org\/{rel}","templated":true}]}}