{"id":2636,"date":"2020-09-19T13:38:41","date_gmt":"2020-09-19T10:38:41","guid":{"rendered":"https:\/\/structo.ee\/meist\/"},"modified":"2025-09-05T12:36:21","modified_gmt":"2025-09-05T09:36:21","slug":"om-oss","status":"publish","type":"page","link":"https:\/\/structo.ee\/no\/om-oss\/","title":{"rendered":"Om oss"},"content":{"rendered":"\n<h2 class=\"wp-block-heading\"><strong>Hensikten v\u00e5r er \u00e5 gj\u00f8re interi\u00f8rdesignprosessen for arbeids- og oppholdsrom s\u00e5 hyggelig, rask, og enkel som mulig.<\/strong><\/h2>\n\n\n\n<div class=\"wp-block-columns is-layout-flex wp-container-core-columns-is-layout-1 wp-block-columns-is-layout-flex\">\n<div class=\"wp-block-column is-layout-flow wp-block-column-is-layout-flow\">\n<p>Vi produserer ikke bare produkter som ser bra ut, men gj\u00f8r de ogs\u00e5 praktiske, langvarige og enkle \u00e5 h\u00e5ndtere. Alle Structo-produkter er produserte i henhold til kundenes individuelle krav. Takket v\u00e6re dette passer de perfekt inn i lokalene beregnet til dette form\u00e5let og oppfyller alle kvalitetskrav.<\/p>\n<\/div>\n\n\n\n<div class=\"wp-block-column is-layout-flow wp-block-column-is-layout-flow\">\n<p>Structo-teamet kjennetegnes av innovative ideer og up\u00e5klagelige ferdigheter. V\u00e5r kontinuerlige produktutvikling sikrer at i samarbeid med oss er det mulig \u00e5 finne de beste l\u00f8sningene for \u00e5 m\u00f8te selv de mest utfordrende behovene.<\/p>\n\n\n\n<p>V\u00e5rt viktigste m\u00e5l er gjennom v\u00e5r omfattende erfaring og faglige kunnskaper \u00e5 tilby alle v\u00e5re kunder h\u00f8y kvalitet og tilfredshet med samarbeidet. <\/p>\n<\/div>\n<\/div>\n\n\n\n<div style=\"height:20px\" aria-hidden=\"true\" class=\"wp-block-spacer d-lg-none d-block\"><\/div>\n\n\n\n<figure class=\"wp-block-image size-full funding-logo-mobile\"><a href=\"https:\/\/structo.ee\/et\/structo-group-ou-teekaart\/\"><img decoding=\"async\" src=\"https:\/\/structo.rktv.ee\/wp-content\/uploads\/2025\/01\/image.png\" alt=\"\" class=\"wp-image-4875\"\/><\/a><\/figure>\n\n\n\n<div id=\"get-in-touch-block-block_cb566ca7d990e267dc871ad08db0e269\" class=\"get-in-touch-block\">\n            <div class=\"background\" style=\"background-image: url(https:\/\/structo.ee\/wp-content\/uploads\/2025\/09\/Group-17-Copy-1.png);\"><\/div>\n    \n    <div class=\"contact_table\">\n                    <div class=\"table_title\">\n                <h2>Ta kontakt<\/h2>\n            <\/div>\n        \n                    <div class=\"table_content d-flex flex-wrap\">\n                                    \n                    <div class=\"column d-flex\">\n                                                    <div class=\"icon d-flex justify-content-center align-items-center\">\n                                <img decoding=\"async\" src=\"https:\/\/structo.ee\/wp-content\/themes\/structo\/images\/icons\/location_black.svg\" \/>\n                            <\/div>\n                        \n                        <div class=\"text d-flex align-items-center\">\n                                                            <a href=\"https:\/\/www.google.ee\/maps\/place\/Laanemetsa+tee+2,+Soodevahe,+75322+Harju+maakond\/@59.4147987,24.8760601,797m\/data=!3m2!1e3!4b1!4m6!3m5!1s0x4692ec7e7fcb5b57:0x38fc8d5d87ac3133!8m2!3d59.414796!4d24.878635!16s%2Fg%2F11vt6h_k22?entry=ttu&#038;g_ep=EgoyMDI1MDkwMi4wIKXMDSoASAFQAw%3D%3D\" target=\"_BLANK\">Laanemetsa tee 2, Soodevahe k\u00fcla, 75322, Rae vald, Harju maakond<\/a>\n                                                    <\/div>\n                    <\/div>\n                                    \n                    <div class=\"column d-flex\">\n                                                    <div class=\"icon d-flex justify-content-center align-items-center\">\n                                <img decoding=\"async\" src=\"https:\/\/structo.ee\/wp-content\/themes\/structo\/images\/icons\/phone_black.svg\" \/>\n                            <\/div>\n                        \n                        <div class=\"text d-flex align-items-center\">\n                                                            <a href=\"tel:+372 6665017\" target=\"_BLANK\">+372 6665017<\/a>\n                                                    <\/div>\n                    <\/div>\n                                    \n                    <div class=\"column d-flex\">\n                                                    <div class=\"icon d-flex justify-content-center align-items-center\">\n                                <img decoding=\"async\" src=\"https:\/\/structo.ee\/wp-content\/themes\/structo\/images\/icons\/mail_black.svg\" \/>\n                            <\/div>\n                        \n                        <div class=\"text d-flex align-items-center\">\n                                                            <a href=\"mailto:info@structo.ee\" target=\"_BLANK\">info@structo.ee<\/a>\n                                                    <\/div>\n                    <\/div>\n                                    \n                    <div class=\"column d-flex\">\n                        \n                        <div class=\"text d-flex align-items-center\">\n                                                            <p>Structo Group O\u00dc   \u2014   Reg.no 11680038   \u2014   MVA nr. 101307275<\/p>\n\n                                <div class=\"mobile_text\">\n                                    <p>Structo Group O\u00dc<br \/>\nReg.no 11680038<br \/>\nMVA nr. 101307275<\/p>\n                                <\/div>\n                                                    <\/div>\n                    <\/div>\n                            <\/div>\n            <\/div>\n<\/div>","protected":false},"excerpt":{"rendered":"Hensikten v\u00e5r er \u00e5 gj\u00f8re interi\u00f8rdesignprosessen for arbeids- og oppholdsrom s\u00e5 hyggelig, rask, og enkel som mulig. Vi produserer ikke bare produkter som ser bra ut, men gj\u00f8r de ogs\u00e5 praktiske, langvarige og enkle \u00e5 h\u00e5ndtere. Alle Structo-produkter er produserte i henhold til kundenes individuelle krav. Takket v\u00e6re dette passer de perfekt inn i lokalene [&hellip;]","protected":false},"author":1,"featured_media":0,"parent":0,"menu_order":0,"comment_status":"closed","ping_status":"closed","template":"","meta":{"_acf_changed":false,"_uag_custom_page_level_css":"","advgb_blocks_editor_width":"","advgb_blocks_columns_visual_guide":"","footnotes":""},"class_list":["post-2636","page","type-page","status-publish","hentry"],"acf":[],"yoast_head":"<!-- This site is optimized with the Yoast SEO plugin v26.8 - https:\/\/yoast.com\/product\/yoast-seo-wordpress\/ -->\n<title>Om oss - Structo<\/title>\n<meta name=\"robots\" content=\"index, follow, max-snippet:-1, max-image-preview:large, max-video-preview:-1\" \/>\n<link rel=\"canonical\" href=\"https:\/\/structo.ee\/no\/om-oss\/\" \/>\n<meta property=\"og:locale\" content=\"nb_NO\" \/>\n<meta property=\"og:type\" content=\"article\" \/>\n<meta property=\"og:title\" content=\"Om oss - Structo\" \/>\n<meta property=\"og:description\" content=\"Hensikten v\u00e5r er \u00e5 gj\u00f8re interi\u00f8rdesignprosessen for arbeids- og oppholdsrom s\u00e5 hyggelig, rask, og enkel som mulig. Vi produserer ikke bare produkter som ser bra ut, men gj\u00f8r de ogs\u00e5 praktiske, langvarige og enkle \u00e5 h\u00e5ndtere. Alle Structo-produkter er produserte i henhold til kundenes individuelle krav. Takket v\u00e6re dette passer de perfekt inn i lokalene [&hellip;]\" \/>\n<meta property=\"og:url\" content=\"https:\/\/structo.ee\/no\/om-oss\/\" \/>\n<meta property=\"og:site_name\" content=\"Structo\" \/>\n<meta property=\"article:modified_time\" content=\"2025-09-05T09:36:21+00:00\" \/>\n<meta name=\"twitter:card\" content=\"summary_large_image\" \/>\n<meta name=\"twitter:label1\" content=\"Ansl. lesetid\" \/>\n\t<meta name=\"twitter:data1\" content=\"1 minutt\" \/>\n<script type=\"application\/ld+json\" class=\"yoast-schema-graph\">{\"@context\":\"https:\/\/schema.org\",\"@graph\":[{\"@type\":\"WebPage\",\"@id\":\"https:\/\/structo.ee\/no\/om-oss\/\",\"url\":\"https:\/\/structo.ee\/no\/om-oss\/\",\"name\":\"Om oss - Structo\",\"isPartOf\":{\"@id\":\"https:\/\/structo.ee\/#website\"},\"primaryImageOfPage\":{\"@id\":\"https:\/\/structo.ee\/no\/om-oss\/#primaryimage\"},\"image\":{\"@id\":\"https:\/\/structo.ee\/no\/om-oss\/#primaryimage\"},\"thumbnailUrl\":\"https:\/\/structo.rktv.ee\/wp-content\/uploads\/2025\/01\/image.png\",\"datePublished\":\"2020-09-19T10:38:41+00:00\",\"dateModified\":\"2025-09-05T09:36:21+00:00\",\"breadcrumb\":{\"@id\":\"https:\/\/structo.ee\/no\/om-oss\/#breadcrumb\"},\"inLanguage\":\"nb-NO\",\"potentialAction\":[{\"@type\":\"ReadAction\",\"target\":[\"https:\/\/structo.ee\/no\/om-oss\/\"]}]},{\"@type\":\"ImageObject\",\"inLanguage\":\"nb-NO\",\"@id\":\"https:\/\/structo.ee\/no\/om-oss\/#primaryimage\",\"url\":\"https:\/\/structo.rktv.ee\/wp-content\/uploads\/2025\/01\/image.png\",\"contentUrl\":\"https:\/\/structo.rktv.ee\/wp-content\/uploads\/2025\/01\/image.png\"},{\"@type\":\"BreadcrumbList\",\"@id\":\"https:\/\/structo.ee\/no\/om-oss\/#breadcrumb\",\"itemListElement\":[{\"@type\":\"ListItem\",\"position\":1,\"name\":\"Home\",\"item\":\"https:\/\/structo.ee\/no\/\"},{\"@type\":\"ListItem\",\"position\":2,\"name\":\"Om oss\"}]},{\"@type\":\"WebSite\",\"@id\":\"https:\/\/structo.ee\/#website\",\"url\":\"https:\/\/structo.ee\/\",\"name\":\"Structo\",\"description\":\"\",\"potentialAction\":[{\"@type\":\"SearchAction\",\"target\":{\"@type\":\"EntryPoint\",\"urlTemplate\":\"https:\/\/structo.ee\/?s={search_term_string}\"},\"query-input\":{\"@type\":\"PropertyValueSpecification\",\"valueRequired\":true,\"valueName\":\"search_term_string\"}}],\"inLanguage\":\"nb-NO\"}]}<\/script>\n<!-- \/ Yoast SEO plugin. -->","yoast_head_json":{"title":"Om oss - Structo","robots":{"index":"index","follow":"follow","max-snippet":"max-snippet:-1","max-image-preview":"max-image-preview:large","max-video-preview":"max-video-preview:-1"},"canonical":"https:\/\/structo.ee\/no\/om-oss\/","og_locale":"nb_NO","og_type":"article","og_title":"Om oss - Structo","og_description":"Hensikten v\u00e5r er \u00e5 gj\u00f8re interi\u00f8rdesignprosessen for arbeids- og oppholdsrom s\u00e5 hyggelig, rask, og enkel som mulig. Vi produserer ikke bare produkter som ser bra ut, men gj\u00f8r de ogs\u00e5 praktiske, langvarige og enkle \u00e5 h\u00e5ndtere. Alle Structo-produkter er produserte i henhold til kundenes individuelle krav. Takket v\u00e6re dette passer de perfekt inn i lokalene [&hellip;]","og_url":"https:\/\/structo.ee\/no\/om-oss\/","og_site_name":"Structo","article_modified_time":"2025-09-05T09:36:21+00:00","twitter_card":"summary_large_image","twitter_misc":{"Ansl. lesetid":"1 minutt"},"schema":{"@context":"https:\/\/schema.org","@graph":[{"@type":"WebPage","@id":"https:\/\/structo.ee\/no\/om-oss\/","url":"https:\/\/structo.ee\/no\/om-oss\/","name":"Om oss - Structo","isPartOf":{"@id":"https:\/\/structo.ee\/#website"},"primaryImageOfPage":{"@id":"https:\/\/structo.ee\/no\/om-oss\/#primaryimage"},"image":{"@id":"https:\/\/structo.ee\/no\/om-oss\/#primaryimage"},"thumbnailUrl":"https:\/\/structo.rktv.ee\/wp-content\/uploads\/2025\/01\/image.png","datePublished":"2020-09-19T10:38:41+00:00","dateModified":"2025-09-05T09:36:21+00:00","breadcrumb":{"@id":"https:\/\/structo.ee\/no\/om-oss\/#breadcrumb"},"inLanguage":"nb-NO","potentialAction":[{"@type":"ReadAction","target":["https:\/\/structo.ee\/no\/om-oss\/"]}]},{"@type":"ImageObject","inLanguage":"nb-NO","@id":"https:\/\/structo.ee\/no\/om-oss\/#primaryimage","url":"https:\/\/structo.rktv.ee\/wp-content\/uploads\/2025\/01\/image.png","contentUrl":"https:\/\/structo.rktv.ee\/wp-content\/uploads\/2025\/01\/image.png"},{"@type":"BreadcrumbList","@id":"https:\/\/structo.ee\/no\/om-oss\/#breadcrumb","itemListElement":[{"@type":"ListItem","position":1,"name":"Home","item":"https:\/\/structo.ee\/no\/"},{"@type":"ListItem","position":2,"name":"Om oss"}]},{"@type":"WebSite","@id":"https:\/\/structo.ee\/#website","url":"https:\/\/structo.ee\/","name":"Structo","description":"","potentialAction":[{"@type":"SearchAction","target":{"@type":"EntryPoint","urlTemplate":"https:\/\/structo.ee\/?s={search_term_string}"},"query-input":{"@type":"PropertyValueSpecification","valueRequired":true,"valueName":"search_term_string"}}],"inLanguage":"nb-NO"}]}},"uagb_featured_image_src":{"full":false,"thumbnail":false,"medium":false,"medium_large":false,"large":false,"1536x1536":false,"2048x2048":false},"uagb_author_info":{"display_name":"reaktiiv-wp","author_link":"https:\/\/structo.ee\/no\/author\/reaktiiv-st\/"},"uagb_comment_info":0,"uagb_excerpt":"Hensikten v\u00e5r er \u00e5 gj\u00f8re interi\u00f8rdesignprosessen for arbeids- og oppholdsrom s\u00e5 hyggelig, rask, og enkel som mulig. Vi produserer ikke bare produkter som ser bra ut, men gj\u00f8r de ogs\u00e5 praktiske, langvarige og enkle \u00e5 h\u00e5ndtere. Alle Structo-produkter er produserte i henhold til kundenes individuelle krav. Takket v\u00e6re dette passer de perfekt inn i lokalene&hellip;","coauthors":[],"author_meta":{"author_link":"https:\/\/structo.ee\/no\/author\/reaktiiv-st\/","display_name":"reaktiiv-wp"},"relative_dates":{"created":"Publisert 6 \u00e5r siden","modified":"Oppdatert 7 m\u00e5neder siden"},"absolute_dates":{"created":"Publisert 19\/09\/2020","modified":"Oppdatert 05\/09\/2025"},"absolute_dates_time":{"created":"Publisert 19\/09\/2020 13:38","modified":"Oppdatert 05\/09\/2025 12:36"},"featured_img_caption":"","featured_img":false,"series_order":"","_links":{"self":[{"href":"https:\/\/structo.ee\/no\/wp-json\/wp\/v2\/pages\/2636","targetHints":{"allow":["GET"]}}],"collection":[{"href":"https:\/\/structo.ee\/no\/wp-json\/wp\/v2\/pages"}],"about":[{"href":"https:\/\/structo.ee\/no\/wp-json\/wp\/v2\/types\/page"}],"author":[{"embeddable":true,"href":"https:\/\/structo.ee\/no\/wp-json\/wp\/v2\/users\/1"}],"replies":[{"embeddable":true,"href":"https:\/\/structo.ee\/no\/wp-json\/wp\/v2\/comments?post=2636"}],"version-history":[{"count":15,"href":"https:\/\/structo.ee\/no\/wp-json\/wp\/v2\/pages\/2636\/revisions"}],"predecessor-version":[{"id":4908,"href":"https:\/\/structo.ee\/no\/wp-json\/wp\/v2\/pages\/2636\/revisions\/4908"}],"wp:attachment":[{"href":"https:\/\/structo.ee\/no\/wp-json\/wp\/v2\/media?parent=2636"}],"curies":[{"name":"wp","href":"https:\/\/api.w.org\/{rel}","templated":true}]}}