{"id":2649,"date":"2020-09-29T12:21:06","date_gmt":"2020-09-29T09:21:06","guid":{"rendered":"https:\/\/structo.ee\/privaatsuspoliitika\/"},"modified":"2022-05-02T15:08:01","modified_gmt":"2022-05-02T12:08:01","slug":"personvernerklaering","status":"publish","type":"page","link":"https:\/\/structo.ee\/no\/personvernerklaering\/","title":{"rendered":"Personvernerkl\u00e6ring"},"content":{"rendered":"\n<p>Betingelser for databeskyttelse<\/p>\n\n\n\n<p>Ansvarlig for databehandling<br>Structo Group O\u00dc<br>S\u00e4ra tee 11-6, Peetri 75312, Estland<br>info@structo.ee<\/p>\n\n\n\n<p>Personopplysninger er opplysninger vi samler inn for \u00e5 yte tjenester, identifisere og kontakte personer for \u00e5 yte en tjeneste, eller l\u00f8se en tvist. Vi behandler ikke sensitive personopplysninger som definert i personvernforordningen, dvs. GDPR eller EU-forordning nr. 2016\/679.<\/p>\n\n\n\n<h2 class=\"wp-block-heading\"><strong>Definisjoner<\/strong><\/h2>\n\n\n\n<p>Behandlingsansvarlig er en fysisk eller juridisk person, offentlig myndighet, etat eller annet organ, som avgj\u00f8r form\u00e5l og midler for behandling av personopplysninger.<\/p>\n\n\n\n<p>Databehandler er en fysisk eller juridisk person, offentlig myndighet, etat eller annet organ, som behandler personopplysninger p\u00e5 vegne av behandlingsansvarlige.<\/p>\n\n\n\n<p>Personopplysninger er all informasjon om en identifisert person, eller som kan identifiseres om en person (heretter \u00abdatasubjekt\u00bb) .\u00a0 En identifiserbar person er en som kan identifiseres, direkte eller indirekte, spesielt ved bruk av kjennetegn som navn, personnummer, bostedsopplysninger, nettverksidentifikasjon, eller \u00e9n eller flere fysiske, fysiologiske, genetiske, mentale eller \u00f8konomiske egenskaper; personens kulturelle eller sosiale egenskaper.<\/p>\n\n\n\n<p>Behandling av personopplysninger er en automatisert eller ikke-automatisert handling, eller et sett av handlinger, som foretas med personopplysninger, f. eks. innsamling, dokumentering, organisering, strukturering, lagring, tilpasning og modifisering av personopplysninger, gjennomf\u00f8ring, lesing og bruk av foresp\u00f8rsler, offentliggj\u00f8ring ved \u00e5 sende, distribuere eller p\u00e5 annen m\u00e5te gj\u00f8re tilgjengelig, tilpasse eller kombinere, begrense, slette eller \u00f8delegge.<\/p>\n\n\n\n<p>Informasjonskapsler er sm\u00e5 tekstfiler som nettstedet lagrer p\u00e5 din datamaskin eller smartenhet n\u00e5r du bes\u00f8ker v\u00e5rt nettsted. Dette muliggj\u00f8r lagring av informasjon om dine preferanser slik at du ikke trenger \u00e5 foreta valg p\u00e5 nytt n\u00e5r du bes\u00f8ker denne siden eller blar gjennom sidene.<\/p>\n\n\n\n<p>Det rettslige grunnlaget for slik behandling av personopplysninger er behandling av personopplysninger for gjennomf\u00f8ring av en avtale inng\u00e5tt hvor datasubjektet er en av partene, eller for \u00e5 iverksette tiltak i samsvar med datasubjektets anmodning f\u00f8r inng\u00e5else av avtale (artikkel 6 (1) (b) i GDPR ).<\/p>\n\n\n\n<h2 class=\"wp-block-heading\"><strong>Nettstedstatistikk<\/strong><\/h2>\n\n\n\n<p>Ikke-personliggjorte tekniske data om den bes\u00f8kende samles inn n\u00e5r du bes\u00f8ker nettsidene.<\/p>\n\n\n\n<p>Tekniske data er begrenset til nettadressen (IP-adressen) til datamaskinen eller datanettverket som brukes, programvareversjon av datamaskinens nettleser og operativsystem, tidspunkt for bes\u00f8ket (tid, dato, \u00e5r) og sted. IP-adressene er ikke knyttet informasjon, som kan brukes til \u00e5 identifiserende en person.<\/p>\n\n\n\n<p>Vi bruker Google Analytics automatisk verkt\u00f8y til \u00e5 samle inn data som er nevnt ovenfor. Hvis du ikke vil gi slike opplysninger om deg selv, kan du deaktivere innsamlingen av dine opplysninger av Google Analytics som beskrevet her.<\/p>\n\n\n\n<h2 class=\"wp-block-heading\"><strong>Informasjonskapsler<\/strong><\/h2>\n\n\n\n<p>V\u00e5re nettsteder bruker informasjonskapsler for \u00e5 forbedre kvaliteten p\u00e5 tjenestene som tilbys. Vi bruker \u00f8ktinformasjonskapsler, permanente informasjonskapsler og tredjeparts informasjonskapsler (Google Analytics, Facebook):<br>&#8211; for \u00e5 identifisere nye og tilbakevendende kunder;<br>&#8211; for \u00e5 huske dine preferanser (spr\u00e5k, skjermoppl\u00f8sning eller skriftst\u00f8rrelse);<br>&#8211; for \u00e5 huske ditt samtykke til bruk av informasjonskapsler (om du har eller ikke gitt samtykke til bruk av v\u00e5re informasjonskapsler p\u00e5 denne siden);<br>&#8211; for \u00e5 samle p\u00e5litelig informasjon om bes\u00f8ksstatistikken p\u00e5 siden, som gj\u00f8r det mulig \u00e5 m\u00e5le hvordan nettstedet v\u00e5rt oppfyller brukernes behov og foreta eventuelle forbedringer.<br>Aktivering av informasjonskapsler er ikke avgj\u00f8rende for nettstedets grunnleggende funksjoner, men gir en bedre nettleseropplevelse. Du kan alltid slette og blokkere informasjonskapsler hvis du \u00f8nsker det, men det kan hende at enkelte funksjoner p\u00e5 nettstedet ditt ikke fungerer som de skal. <br>V\u00e6r oppmerksom p\u00e5 at enkelte informasjonskapsler kommer fra tredjeparts tjenesteleverand\u00f8rer som utf\u00f8rer noen oppgaver p\u00e5 vegne av oss.<br>Opplysninger knyttet til informasjonskapsler brukes ikke til \u00e5 identifisere deg, og opplysninger som samles inn er under v\u00e5r kontroll. Informasjonskapsler brukes ikke til noe annet form\u00e5l enn de som er beskrevet ovenfor.<br>Hvor lenge lagrer vi opplysninger?<br>Ikke-personliggjorte tekniske data som samles inn p\u00e5 nettsiden vil bli lagret p\u00e5 ubestemt tid.<br>Deling av personopplysninger:<br>&#8211; Vi kan gj\u00f8re dine personopplysninger, kundedata eller forretningsinformasjon tilgjengelig for selskaper som tilbyr tjenester som st\u00f8tter v\u00e5r virksomhet, for eksempel nettstedanalytikere eller kundeservicepersonell. Disse selskapene har ikke rett til \u00e5 bruke personopplysninger, kundedata eller forretningsdata til noe annet enn \u00e5 levere tjenester til oss. N\u00e5r vi velger tjenesteleverand\u00f8rer, overv\u00e5ker vi at tjenesteleverand\u00f8ren befinner seg i E\u00d8S-omr\u00e5det.<br>&#8211; Vi vil kun dele din personlige, kunde- eller forretningsinformasjon med tredjeparter som beskrevet i denne personvernerkl\u00e6ringen. Vi selger ikke dine personopplysninger til tredjeparter.<br>Rettigheter<br>I visse tilfeller har du rett til \u00e5 be om begrensning av behandlingen av dine personopplysninger og rett til motst\u00e5 behandling av dine personopplysninger.<br>Hvis du oppdager at personvernet ditt har blitt krenket, vennligst ta kontakt med den behandlingsansvarlige. Du har ogs\u00e5 rett til \u00e5 sende inn en klage til tilsynsmyndigheten for databeskyttelse i ditt bostedsland.<\/p>\n\n\n\n<p><\/p>\n\n\n\n<p><\/p>\n","protected":false},"excerpt":{"rendered":"Betingelser for databeskyttelse Ansvarlig for databehandlingStructo Group O\u00dcS\u00e4ra tee 11-6, Peetri 75312, Estlandinfo@structo.ee Personopplysninger er opplysninger vi samler inn for \u00e5 yte tjenester, identifisere og kontakte personer for \u00e5 yte en tjeneste, eller l\u00f8se en tvist. Vi behandler ikke sensitive personopplysninger som definert i personvernforordningen, dvs. GDPR eller EU-forordning nr. 2016\/679. Definisjoner Behandlingsansvarlig er en [&hellip;]","protected":false},"author":1,"featured_media":0,"parent":0,"menu_order":0,"comment_status":"closed","ping_status":"closed","template":"","meta":{"_acf_changed":false,"_uag_custom_page_level_css":"","advgb_blocks_editor_width":"","advgb_blocks_columns_visual_guide":"","footnotes":""},"class_list":["post-2649","page","type-page","status-publish","hentry"],"acf":[],"yoast_head":"<!-- This site is optimized with the Yoast SEO plugin v26.8 - https:\/\/yoast.com\/product\/yoast-seo-wordpress\/ -->\n<title>Personvernerkl\u00e6ring - Structo<\/title>\n<meta name=\"robots\" content=\"index, follow, max-snippet:-1, max-image-preview:large, max-video-preview:-1\" \/>\n<link rel=\"canonical\" href=\"https:\/\/structo.ee\/no\/personvernerklaering\/\" \/>\n<meta property=\"og:locale\" content=\"nb_NO\" \/>\n<meta property=\"og:type\" content=\"article\" \/>\n<meta property=\"og:title\" content=\"Personvernerkl\u00e6ring - Structo\" \/>\n<meta property=\"og:description\" content=\"Betingelser for databeskyttelse Ansvarlig for databehandlingStructo Group O\u00dcS\u00e4ra tee 11-6, Peetri 75312, Estlandinfo@structo.ee Personopplysninger er opplysninger vi samler inn for \u00e5 yte tjenester, identifisere og kontakte personer for \u00e5 yte en tjeneste, eller l\u00f8se en tvist. Vi behandler ikke sensitive personopplysninger som definert i personvernforordningen, dvs. GDPR eller EU-forordning nr. 2016\/679. Definisjoner Behandlingsansvarlig er en [&hellip;]\" \/>\n<meta property=\"og:url\" content=\"https:\/\/structo.ee\/no\/personvernerklaering\/\" \/>\n<meta property=\"og:site_name\" content=\"Structo\" \/>\n<meta property=\"article:modified_time\" content=\"2022-05-02T12:08:01+00:00\" \/>\n<meta name=\"twitter:card\" content=\"summary_large_image\" \/>\n<meta name=\"twitter:label1\" content=\"Ansl. lesetid\" \/>\n\t<meta name=\"twitter:data1\" content=\"4 minutter\" \/>\n<script type=\"application\/ld+json\" class=\"yoast-schema-graph\">{\"@context\":\"https:\/\/schema.org\",\"@graph\":[{\"@type\":\"WebPage\",\"@id\":\"https:\/\/structo.ee\/no\/personvernerklaering\/\",\"url\":\"https:\/\/structo.ee\/no\/personvernerklaering\/\",\"name\":\"Personvernerkl\u00e6ring - Structo\",\"isPartOf\":{\"@id\":\"https:\/\/structo.ee\/#website\"},\"datePublished\":\"2020-09-29T09:21:06+00:00\",\"dateModified\":\"2022-05-02T12:08:01+00:00\",\"breadcrumb\":{\"@id\":\"https:\/\/structo.ee\/no\/personvernerklaering\/#breadcrumb\"},\"inLanguage\":\"nb-NO\",\"potentialAction\":[{\"@type\":\"ReadAction\",\"target\":[\"https:\/\/structo.ee\/no\/personvernerklaering\/\"]}]},{\"@type\":\"BreadcrumbList\",\"@id\":\"https:\/\/structo.ee\/no\/personvernerklaering\/#breadcrumb\",\"itemListElement\":[{\"@type\":\"ListItem\",\"position\":1,\"name\":\"Home\",\"item\":\"https:\/\/structo.ee\/no\/\"},{\"@type\":\"ListItem\",\"position\":2,\"name\":\"Personvernerkl\u00e6ring\"}]},{\"@type\":\"WebSite\",\"@id\":\"https:\/\/structo.ee\/#website\",\"url\":\"https:\/\/structo.ee\/\",\"name\":\"Structo\",\"description\":\"\",\"potentialAction\":[{\"@type\":\"SearchAction\",\"target\":{\"@type\":\"EntryPoint\",\"urlTemplate\":\"https:\/\/structo.ee\/?s={search_term_string}\"},\"query-input\":{\"@type\":\"PropertyValueSpecification\",\"valueRequired\":true,\"valueName\":\"search_term_string\"}}],\"inLanguage\":\"nb-NO\"}]}<\/script>\n<!-- \/ Yoast SEO plugin. -->","yoast_head_json":{"title":"Personvernerkl\u00e6ring - Structo","robots":{"index":"index","follow":"follow","max-snippet":"max-snippet:-1","max-image-preview":"max-image-preview:large","max-video-preview":"max-video-preview:-1"},"canonical":"https:\/\/structo.ee\/no\/personvernerklaering\/","og_locale":"nb_NO","og_type":"article","og_title":"Personvernerkl\u00e6ring - Structo","og_description":"Betingelser for databeskyttelse Ansvarlig for databehandlingStructo Group O\u00dcS\u00e4ra tee 11-6, Peetri 75312, Estlandinfo@structo.ee Personopplysninger er opplysninger vi samler inn for \u00e5 yte tjenester, identifisere og kontakte personer for \u00e5 yte en tjeneste, eller l\u00f8se en tvist. Vi behandler ikke sensitive personopplysninger som definert i personvernforordningen, dvs. GDPR eller EU-forordning nr. 2016\/679. Definisjoner Behandlingsansvarlig er en [&hellip;]","og_url":"https:\/\/structo.ee\/no\/personvernerklaering\/","og_site_name":"Structo","article_modified_time":"2022-05-02T12:08:01+00:00","twitter_card":"summary_large_image","twitter_misc":{"Ansl. lesetid":"4 minutter"},"schema":{"@context":"https:\/\/schema.org","@graph":[{"@type":"WebPage","@id":"https:\/\/structo.ee\/no\/personvernerklaering\/","url":"https:\/\/structo.ee\/no\/personvernerklaering\/","name":"Personvernerkl\u00e6ring - Structo","isPartOf":{"@id":"https:\/\/structo.ee\/#website"},"datePublished":"2020-09-29T09:21:06+00:00","dateModified":"2022-05-02T12:08:01+00:00","breadcrumb":{"@id":"https:\/\/structo.ee\/no\/personvernerklaering\/#breadcrumb"},"inLanguage":"nb-NO","potentialAction":[{"@type":"ReadAction","target":["https:\/\/structo.ee\/no\/personvernerklaering\/"]}]},{"@type":"BreadcrumbList","@id":"https:\/\/structo.ee\/no\/personvernerklaering\/#breadcrumb","itemListElement":[{"@type":"ListItem","position":1,"name":"Home","item":"https:\/\/structo.ee\/no\/"},{"@type":"ListItem","position":2,"name":"Personvernerkl\u00e6ring"}]},{"@type":"WebSite","@id":"https:\/\/structo.ee\/#website","url":"https:\/\/structo.ee\/","name":"Structo","description":"","potentialAction":[{"@type":"SearchAction","target":{"@type":"EntryPoint","urlTemplate":"https:\/\/structo.ee\/?s={search_term_string}"},"query-input":{"@type":"PropertyValueSpecification","valueRequired":true,"valueName":"search_term_string"}}],"inLanguage":"nb-NO"}]}},"uagb_featured_image_src":{"full":false,"thumbnail":false,"medium":false,"medium_large":false,"large":false,"1536x1536":false,"2048x2048":false},"uagb_author_info":{"display_name":"reaktiiv-wp","author_link":"https:\/\/structo.ee\/no\/author\/reaktiiv-st\/"},"uagb_comment_info":0,"uagb_excerpt":"Betingelser for databeskyttelse Ansvarlig for databehandlingStructo Group O\u00dcS\u00e4ra tee 11-6, Peetri 75312, Estlandinfo@structo.ee Personopplysninger er opplysninger vi samler inn for \u00e5 yte tjenester, identifisere og kontakte personer for \u00e5 yte en tjeneste, eller l\u00f8se en tvist. Vi behandler ikke sensitive personopplysninger som definert i personvernforordningen, dvs. GDPR eller EU-forordning nr. 2016\/679. Definisjoner Behandlingsansvarlig er en&hellip;","coauthors":[],"author_meta":{"author_link":"https:\/\/structo.ee\/no\/author\/reaktiiv-st\/","display_name":"reaktiiv-wp"},"relative_dates":{"created":"Publisert 6 \u00e5r siden","modified":"Oppdatert 4 \u00e5r siden"},"absolute_dates":{"created":"Publisert 29\/09\/2020","modified":"Oppdatert 02\/05\/2022"},"absolute_dates_time":{"created":"Publisert 29\/09\/2020 12:21","modified":"Oppdatert 02\/05\/2022 15:08"},"featured_img_caption":"","featured_img":false,"series_order":"","_links":{"self":[{"href":"https:\/\/structo.ee\/no\/wp-json\/wp\/v2\/pages\/2649","targetHints":{"allow":["GET"]}}],"collection":[{"href":"https:\/\/structo.ee\/no\/wp-json\/wp\/v2\/pages"}],"about":[{"href":"https:\/\/structo.ee\/no\/wp-json\/wp\/v2\/types\/page"}],"author":[{"embeddable":true,"href":"https:\/\/structo.ee\/no\/wp-json\/wp\/v2\/users\/1"}],"replies":[{"embeddable":true,"href":"https:\/\/structo.ee\/no\/wp-json\/wp\/v2\/comments?post=2649"}],"version-history":[{"count":2,"href":"https:\/\/structo.ee\/no\/wp-json\/wp\/v2\/pages\/2649\/revisions"}],"predecessor-version":[{"id":2766,"href":"https:\/\/structo.ee\/no\/wp-json\/wp\/v2\/pages\/2649\/revisions\/2766"}],"wp:attachment":[{"href":"https:\/\/structo.ee\/no\/wp-json\/wp\/v2\/media?parent=2649"}],"curies":[{"name":"wp","href":"https:\/\/api.w.org\/{rel}","templated":true}]}}