{"id":3433,"date":"2020-09-19T13:38:41","date_gmt":"2020-09-19T10:38:41","guid":{"rendered":"https:\/\/structo.ee\/meist\/"},"modified":"2025-09-05T12:35:38","modified_gmt":"2025-09-05T09:35:38","slug":"om-oss","status":"publish","type":"page","link":"https:\/\/structo.ee\/sv\/om-oss\/","title":{"rendered":"Om oss"},"content":{"rendered":"\n<h2 class=\"wp-block-heading\">V\u00e5rt m\u00e5l \u00e4r att g\u00f6ra det s\u00e5 trevligt, snabbt och enkelt som bara m\u00f6jligt att inreda arbetsplatser och bost\u00e4der.<\/h2>\n\n\n\n<div class=\"wp-block-columns is-layout-flex wp-container-core-columns-is-layout-1 wp-block-columns-is-layout-flex\">\n<div class=\"wp-block-column is-layout-flow wp-block-column-is-layout-flow\">\n<p>Vi tar inte fram produkter som bara ser bra ut, utan g\u00f6r dem ocks\u00e5 praktiska, h\u00e5llbara och l\u00e4tta att anv\u00e4nda. Alla Structo-produkter \u00e4r tillverkade enligt kundens individuella krav. Tack vare det passar de perfekt in i lokalerna och uppfyller alla kvalitetskrav.<\/p>\n<\/div>\n\n\n\n<div class=\"wp-block-column is-layout-flow wp-block-column-is-layout-flow\">\n<p>Structos team utm\u00e4rker sig med innovativa id\u00e9er och oklanderlig kompetens. V\u00e5r kontinuerliga produktutveckling g\u00f6r att vi i samarbete med kunden kan hitta de b\u00e4sta l\u00f6sningarna \u00e4ven f\u00f6r de mest komplexa milj\u00f6erna.<\/p>\n\n\n\n<p>V\u00e5rt fr\u00e4msta m\u00e5l \u00e4r att anv\u00e4nda v\u00e5r l\u00e5nga erfarenhet och professionella skicklighet f\u00f6r att ge alla v\u00e5ra kunder kvalitetsprodukter och gl\u00e4dje av samarbetsprocessen.   <\/p>\n<\/div>\n<\/div>\n\n\n\n<div style=\"height:20px\" aria-hidden=\"true\" class=\"wp-block-spacer d-lg-none d-block\"><\/div>\n\n\n\n<figure class=\"wp-block-image size-full funding-logo-mobile\"><a href=\"https:\/\/structo.ee\/et\/structo-group-ou-teekaart\/\"><img decoding=\"async\" src=\"https:\/\/structo.rktv.ee\/wp-content\/uploads\/2025\/01\/image.png\" alt=\"\" class=\"wp-image-4875\"\/><\/a><\/figure>\n\n\n\n<div id=\"get-in-touch-block-block_b1b96d0c1a094cf8392628aceeccaa11\" class=\"get-in-touch-block\">\n            <div class=\"background\" style=\"background-image: url(https:\/\/structo.ee\/wp-content\/uploads\/2025\/09\/Group-17-Copy-1.png);\"><\/div>\n    \n    <div class=\"contact_table\">\n                    <div class=\"table_title\">\n                <h2>Kontakta oss<\/h2>\n            <\/div>\n        \n                    <div class=\"table_content d-flex flex-wrap\">\n                                    \n                    <div class=\"column d-flex\">\n                                                    <div class=\"icon d-flex justify-content-center align-items-center\">\n                                <img decoding=\"async\" src=\"https:\/\/structo.ee\/wp-content\/themes\/structo\/images\/icons\/location_black.svg\" \/>\n                            <\/div>\n                        \n                        <div class=\"text d-flex align-items-center\">\n                                                            <a href=\"https:\/\/www.google.ee\/maps\/place\/Laanemetsa+tee+2,+Soodevahe,+75322+Harju+maakond\/@59.4147987,24.8760601,797m\/data=!3m2!1e3!4b1!4m6!3m5!1s0x4692ec7e7fcb5b57:0x38fc8d5d87ac3133!8m2!3d59.414796!4d24.878635!16s%2Fg%2F11vt6h_k22?entry=ttu&#038;g_ep=EgoyMDI1MDkwMi4wIKXMDSoASAFQAw%3D%3D\" target=\"_BLANK\">Laanemetsa tee 2, Soodevahe k\u00fcla, 75322, Rae vald, Harju maakond<\/a>\n                                                    <\/div>\n                    <\/div>\n                                    \n                    <div class=\"column d-flex\">\n                                                    <div class=\"icon d-flex justify-content-center align-items-center\">\n                                <img decoding=\"async\" src=\"https:\/\/structo.ee\/wp-content\/themes\/structo\/images\/icons\/phone_black.svg\" \/>\n                            <\/div>\n                        \n                        <div class=\"text d-flex align-items-center\">\n                                                            <a href=\"tel:+372 6665017\" target=\"_BLANK\">+372 6665017<\/a>\n                                                    <\/div>\n                    <\/div>\n                                    \n                    <div class=\"column d-flex\">\n                                                    <div class=\"icon d-flex justify-content-center align-items-center\">\n                                <img decoding=\"async\" src=\"https:\/\/structo.ee\/wp-content\/themes\/structo\/images\/icons\/mail_black.svg\" \/>\n                            <\/div>\n                        \n                        <div class=\"text d-flex align-items-center\">\n                                                            <a href=\"mailto:info@structo.ee\" target=\"_BLANK\">info@structo.ee<\/a>\n                                                    <\/div>\n                    <\/div>\n                                    \n                    <div class=\"column d-flex\">\n                        \n                        <div class=\"text d-flex align-items-center\">\n                                                            <p>Structo Group O\u00dc   \u2014   Organisationsnummer  11680038   \u2014   VAT-nummer 101307275<\/p>\n\n                                <div class=\"mobile_text\">\n                                    <p>Structo Group O\u00dc<br \/>\nReg nr 11680038<br \/>\nKMKR nr 101307275<\/p>\n                                <\/div>\n                                                    <\/div>\n                    <\/div>\n                            <\/div>\n            <\/div>\n<\/div>","protected":false},"excerpt":{"rendered":"V\u00e5rt m\u00e5l \u00e4r att g\u00f6ra det s\u00e5 trevligt, snabbt och enkelt som bara m\u00f6jligt att inreda arbetsplatser och bost\u00e4der. Vi tar inte fram produkter som bara ser bra ut, utan g\u00f6r dem ocks\u00e5 praktiska, h\u00e5llbara och l\u00e4tta att anv\u00e4nda. Alla Structo-produkter \u00e4r tillverkade enligt kundens individuella krav. Tack vare det passar de perfekt in i [&hellip;]","protected":false},"author":1,"featured_media":0,"parent":0,"menu_order":0,"comment_status":"closed","ping_status":"closed","template":"","meta":{"_acf_changed":false,"_uag_custom_page_level_css":"","advgb_blocks_editor_width":"","advgb_blocks_columns_visual_guide":"","footnotes":""},"class_list":["post-3433","page","type-page","status-publish","hentry"],"acf":[],"yoast_head":"<!-- This site is optimized with the Yoast SEO plugin v26.8 - https:\/\/yoast.com\/product\/yoast-seo-wordpress\/ -->\n<title>Om oss - Structo<\/title>\n<meta name=\"robots\" content=\"index, follow, max-snippet:-1, max-image-preview:large, max-video-preview:-1\" \/>\n<link rel=\"canonical\" href=\"https:\/\/structo.ee\/sv\/om-oss\/\" \/>\n<meta property=\"og:locale\" content=\"sv_SE\" \/>\n<meta property=\"og:type\" content=\"article\" \/>\n<meta property=\"og:title\" content=\"Om oss - Structo\" \/>\n<meta property=\"og:description\" content=\"V\u00e5rt m\u00e5l \u00e4r att g\u00f6ra det s\u00e5 trevligt, snabbt och enkelt som bara m\u00f6jligt att inreda arbetsplatser och bost\u00e4der. Vi tar inte fram produkter som bara ser bra ut, utan g\u00f6r dem ocks\u00e5 praktiska, h\u00e5llbara och l\u00e4tta att anv\u00e4nda. Alla Structo-produkter \u00e4r tillverkade enligt kundens individuella krav. Tack vare det passar de perfekt in i [&hellip;]\" \/>\n<meta property=\"og:url\" content=\"https:\/\/structo.ee\/sv\/om-oss\/\" \/>\n<meta property=\"og:site_name\" content=\"Structo\" \/>\n<meta property=\"article:modified_time\" content=\"2025-09-05T09:35:38+00:00\" \/>\n<meta name=\"twitter:card\" content=\"summary_large_image\" \/>\n<meta name=\"twitter:label1\" content=\"Ber\u00e4knad l\u00e4stid\" \/>\n\t<meta name=\"twitter:data1\" content=\"1 minut\" \/>\n<script type=\"application\/ld+json\" class=\"yoast-schema-graph\">{\"@context\":\"https:\/\/schema.org\",\"@graph\":[{\"@type\":\"WebPage\",\"@id\":\"https:\/\/structo.ee\/sv\/om-oss\/\",\"url\":\"https:\/\/structo.ee\/sv\/om-oss\/\",\"name\":\"Om oss - Structo\",\"isPartOf\":{\"@id\":\"https:\/\/structo.ee\/#website\"},\"primaryImageOfPage\":{\"@id\":\"https:\/\/structo.ee\/sv\/om-oss\/#primaryimage\"},\"image\":{\"@id\":\"https:\/\/structo.ee\/sv\/om-oss\/#primaryimage\"},\"thumbnailUrl\":\"https:\/\/structo.rktv.ee\/wp-content\/uploads\/2025\/01\/image.png\",\"datePublished\":\"2020-09-19T10:38:41+00:00\",\"dateModified\":\"2025-09-05T09:35:38+00:00\",\"breadcrumb\":{\"@id\":\"https:\/\/structo.ee\/sv\/om-oss\/#breadcrumb\"},\"inLanguage\":\"sv-SE\",\"potentialAction\":[{\"@type\":\"ReadAction\",\"target\":[\"https:\/\/structo.ee\/sv\/om-oss\/\"]}]},{\"@type\":\"ImageObject\",\"inLanguage\":\"sv-SE\",\"@id\":\"https:\/\/structo.ee\/sv\/om-oss\/#primaryimage\",\"url\":\"https:\/\/structo.rktv.ee\/wp-content\/uploads\/2025\/01\/image.png\",\"contentUrl\":\"https:\/\/structo.rktv.ee\/wp-content\/uploads\/2025\/01\/image.png\"},{\"@type\":\"BreadcrumbList\",\"@id\":\"https:\/\/structo.ee\/sv\/om-oss\/#breadcrumb\",\"itemListElement\":[{\"@type\":\"ListItem\",\"position\":1,\"name\":\"Home\",\"item\":\"https:\/\/structo.ee\/sv\/\"},{\"@type\":\"ListItem\",\"position\":2,\"name\":\"Om oss\"}]},{\"@type\":\"WebSite\",\"@id\":\"https:\/\/structo.ee\/#website\",\"url\":\"https:\/\/structo.ee\/\",\"name\":\"Structo\",\"description\":\"\",\"potentialAction\":[{\"@type\":\"SearchAction\",\"target\":{\"@type\":\"EntryPoint\",\"urlTemplate\":\"https:\/\/structo.ee\/?s={search_term_string}\"},\"query-input\":{\"@type\":\"PropertyValueSpecification\",\"valueRequired\":true,\"valueName\":\"search_term_string\"}}],\"inLanguage\":\"sv-SE\"}]}<\/script>\n<!-- \/ Yoast SEO plugin. -->","yoast_head_json":{"title":"Om oss - Structo","robots":{"index":"index","follow":"follow","max-snippet":"max-snippet:-1","max-image-preview":"max-image-preview:large","max-video-preview":"max-video-preview:-1"},"canonical":"https:\/\/structo.ee\/sv\/om-oss\/","og_locale":"sv_SE","og_type":"article","og_title":"Om oss - Structo","og_description":"V\u00e5rt m\u00e5l \u00e4r att g\u00f6ra det s\u00e5 trevligt, snabbt och enkelt som bara m\u00f6jligt att inreda arbetsplatser och bost\u00e4der. Vi tar inte fram produkter som bara ser bra ut, utan g\u00f6r dem ocks\u00e5 praktiska, h\u00e5llbara och l\u00e4tta att anv\u00e4nda. Alla Structo-produkter \u00e4r tillverkade enligt kundens individuella krav. Tack vare det passar de perfekt in i [&hellip;]","og_url":"https:\/\/structo.ee\/sv\/om-oss\/","og_site_name":"Structo","article_modified_time":"2025-09-05T09:35:38+00:00","twitter_card":"summary_large_image","twitter_misc":{"Ber\u00e4knad l\u00e4stid":"1 minut"},"schema":{"@context":"https:\/\/schema.org","@graph":[{"@type":"WebPage","@id":"https:\/\/structo.ee\/sv\/om-oss\/","url":"https:\/\/structo.ee\/sv\/om-oss\/","name":"Om oss - Structo","isPartOf":{"@id":"https:\/\/structo.ee\/#website"},"primaryImageOfPage":{"@id":"https:\/\/structo.ee\/sv\/om-oss\/#primaryimage"},"image":{"@id":"https:\/\/structo.ee\/sv\/om-oss\/#primaryimage"},"thumbnailUrl":"https:\/\/structo.rktv.ee\/wp-content\/uploads\/2025\/01\/image.png","datePublished":"2020-09-19T10:38:41+00:00","dateModified":"2025-09-05T09:35:38+00:00","breadcrumb":{"@id":"https:\/\/structo.ee\/sv\/om-oss\/#breadcrumb"},"inLanguage":"sv-SE","potentialAction":[{"@type":"ReadAction","target":["https:\/\/structo.ee\/sv\/om-oss\/"]}]},{"@type":"ImageObject","inLanguage":"sv-SE","@id":"https:\/\/structo.ee\/sv\/om-oss\/#primaryimage","url":"https:\/\/structo.rktv.ee\/wp-content\/uploads\/2025\/01\/image.png","contentUrl":"https:\/\/structo.rktv.ee\/wp-content\/uploads\/2025\/01\/image.png"},{"@type":"BreadcrumbList","@id":"https:\/\/structo.ee\/sv\/om-oss\/#breadcrumb","itemListElement":[{"@type":"ListItem","position":1,"name":"Home","item":"https:\/\/structo.ee\/sv\/"},{"@type":"ListItem","position":2,"name":"Om oss"}]},{"@type":"WebSite","@id":"https:\/\/structo.ee\/#website","url":"https:\/\/structo.ee\/","name":"Structo","description":"","potentialAction":[{"@type":"SearchAction","target":{"@type":"EntryPoint","urlTemplate":"https:\/\/structo.ee\/?s={search_term_string}"},"query-input":{"@type":"PropertyValueSpecification","valueRequired":true,"valueName":"search_term_string"}}],"inLanguage":"sv-SE"}]}},"uagb_featured_image_src":{"full":false,"thumbnail":false,"medium":false,"medium_large":false,"large":false,"1536x1536":false,"2048x2048":false},"uagb_author_info":{"display_name":"reaktiiv-wp","author_link":"https:\/\/structo.ee\/sv\/author\/reaktiiv-st\/"},"uagb_comment_info":0,"uagb_excerpt":"V\u00e5rt m\u00e5l \u00e4r att g\u00f6ra det s\u00e5 trevligt, snabbt och enkelt som bara m\u00f6jligt att inreda arbetsplatser och bost\u00e4der. Vi tar inte fram produkter som bara ser bra ut, utan g\u00f6r dem ocks\u00e5 praktiska, h\u00e5llbara och l\u00e4tta att anv\u00e4nda. Alla Structo-produkter \u00e4r tillverkade enligt kundens individuella krav. Tack vare det passar de perfekt in i&hellip;","coauthors":[],"author_meta":{"author_link":"https:\/\/structo.ee\/sv\/author\/reaktiiv-st\/","display_name":"reaktiiv-wp"},"relative_dates":{"created":"Posted 6 \u00e5r ago","modified":"Updated 7 m\u00e5nader ago"},"absolute_dates":{"created":"Posted on 19\/09\/2020","modified":"Updated on 05\/09\/2025"},"absolute_dates_time":{"created":"Posted on 19\/09\/2020 13:38","modified":"Updated on 05\/09\/2025 12:35"},"featured_img_caption":"","featured_img":false,"series_order":"","_links":{"self":[{"href":"https:\/\/structo.ee\/sv\/wp-json\/wp\/v2\/pages\/3433","targetHints":{"allow":["GET"]}}],"collection":[{"href":"https:\/\/structo.ee\/sv\/wp-json\/wp\/v2\/pages"}],"about":[{"href":"https:\/\/structo.ee\/sv\/wp-json\/wp\/v2\/types\/page"}],"author":[{"embeddable":true,"href":"https:\/\/structo.ee\/sv\/wp-json\/wp\/v2\/users\/1"}],"replies":[{"embeddable":true,"href":"https:\/\/structo.ee\/sv\/wp-json\/wp\/v2\/comments?post=3433"}],"version-history":[{"count":13,"href":"https:\/\/structo.ee\/sv\/wp-json\/wp\/v2\/pages\/3433\/revisions"}],"predecessor-version":[{"id":4909,"href":"https:\/\/structo.ee\/sv\/wp-json\/wp\/v2\/pages\/3433\/revisions\/4909"}],"wp:attachment":[{"href":"https:\/\/structo.ee\/sv\/wp-json\/wp\/v2\/media?parent=3433"}],"curies":[{"name":"wp","href":"https:\/\/api.w.org\/{rel}","templated":true}]}}