{"id":3561,"date":"2020-09-29T12:21:06","date_gmt":"2020-09-29T09:21:06","guid":{"rendered":"https:\/\/structo.ee\/privaatsuspoliitika\/"},"modified":"2022-06-01T13:15:44","modified_gmt":"2022-06-01T10:15:44","slug":"integritetspolicy","status":"publish","type":"page","link":"https:\/\/structo.ee\/sv\/integritetspolicy\/","title":{"rendered":"Integritetspolicy"},"content":{"rendered":"\n<p>Dataskyddsvillkor<\/p>\n\n\n\n<p>Personuppgiftsansvarig<br>Structo Group O\u00dc<br>S\u00e4ra tee 11-6, Peetri 75312, Estland<br>info@structo.ee<\/p>\n\n\n\n<p>Personuppgifter \u00e4r uppgifter vi samlar in f\u00f6r att tillhandah\u00e5lla tj\u00e4nster, identifiera och kontakta en person f\u00f6r att tillhandah\u00e5lla en tj\u00e4nst eller l\u00f6sa en tvist. Enligt definitionen i den allm\u00e4nna dataskyddsf\u00f6rordningen, det vill s\u00e4ga GDPR eller EU-f\u00f6rordningen 2016\/679, behandlar vi inte k\u00e4nsliga personuppgifter.<\/p>\n\n\n\n<h2 class=\"wp-block-heading\"><strong>Definitioner<\/strong><\/h2>\n\n\n\n<p>Personuppgiftsansvarig \u00e4r en fysisk eller juridisk person, myndighet, statligt verk eller annat organ som best\u00e4mmer \u00e4ndam\u00e5len och medlen f\u00f6r behandlingen av personuppgifter.<\/p>\n\n\n\n<p>Personuppgiftsbitr\u00e4de \u00e4r en fysisk eller juridisk person, myndighet, statligt verk eller annat organ som behandlar personuppgifter p\u00e5 uppdrag av den personuppgiftsansvarige.<\/p>\n\n\n\n<p>Personuppgifter \u00e4r all information om en identifierad eller identifierbar individ (nedan &#8221;den registrerade&#8221;). En identifierbar person \u00e4r en person som kan identifieras, direkt eller indirekt, s\u00e4rskilt genom h\u00e4nvisning till en egenskap s\u00e5som namn, identitetsnummer, adress, n\u00e4tverksidentifiering eller en eller flera fysiska, fysiologiska, genetiska, mentala eller ekonomiska egenskaper; en s\u00e5dan individs kulturella eller sociala egenskaper.<\/p>\n\n\n\n<p>Behandling av personuppgifter \u00e4r en automatiserad eller icke-automatiserad operation eller en upps\u00e4ttning operationer som utf\u00f6rs p\u00e5 personuppgifter eller insamling av dem, s\u00e5som att samla in, dokumentera, organisera, strukturera, lagra, anpassa och \u00e4ndra, s\u00f6ka, l\u00e4sa, anv\u00e4nda, publicera, distribuera eller p\u00e5 annat s\u00e4tt tillg\u00e4ngligg\u00f6ra, matcha eller genom kombination, inskr\u00e4nka, radera eller f\u00f6rst\u00f6ra.<\/p>\n\n\n\n<p>Cookies \u00e4r sm\u00e5 textfiler som en webbplats lagrar p\u00e5 din dator eller annan utrustning n\u00e4r du bes\u00f6ker v\u00e5r webbplats. Detta g\u00f6r det m\u00f6jligt att spara information om dina inst\u00e4llningar, s\u00e5 att du inte beh\u00f6ver g\u00f6ra samma val n\u00e4r du bes\u00f6ker eller bl\u00e4ddrar p\u00e5 den h\u00e4r sidan igen.<\/p>\n\n\n\n<p>Den r\u00e4ttsliga grunden f\u00f6r denna behandling av personuppgifter \u00e4r behandling av personuppgifter f\u00f6r att fullg\u00f6ra ett avtal som ing\u00e5tts med den registrerade personens medgivande eller f\u00f6r att vidta \u00e5tg\u00e4rder i enlighet med den registrerades ans\u00f6kan (artikel 6.1 (b) GDPR).<\/p>\n\n\n\n<h2 class=\"wp-block-heading\"><strong>Statistik om webbanv\u00e4ndning<\/strong><\/h2>\n\n\n\n<p>Vid bes\u00f6k p\u00e5 webbplatsen samlas icke-personifierad teknisk data om bes\u00f6karen in.<\/p>\n\n\n\n<p>Den tekniska datan \u00e4r begr\u00e4nsad till internetadressen (IP-adressen) f\u00f6r datorn eller datorn\u00e4tverket som anv\u00e4nds, datorns webbl\u00e4sares mjukvaruversion och operativsystem, tidpunkten f\u00f6r bes\u00f6ket (tid, datum, \u00e5r) och plats. IP-adresser \u00e4r inte associerade med personligt identifierbar information.<\/p>\n\n\n\n<p>Vi anv\u00e4nder det automatiska verktyget Google Analytics f\u00f6r att samla in ovanst\u00e5ende data. Om du inte vill tillhandah\u00e5lla denna information om dig sj\u00e4lv kan du v\u00e4lja bort Google Analytics insamling av data enligt beskrivningen h\u00e4r.<\/p>\n\n\n\n<h2 class=\"wp-block-heading\"><strong>Cookies<\/strong><\/h2>\n\n\n\n<p>V\u00e5ra webbplatser anv\u00e4nder cookies f\u00f6r att f\u00f6rb\u00e4ttra kvaliteten p\u00e5 de tj\u00e4nster vi tillhandah\u00e5ller. Vi anv\u00e4nder sessionscookies, best\u00e4ndiga cookies och tredjepartscookies (Google Analytics, Facebook):<br>&#8211; f\u00f6r att identifiera nya och \u00e5terkommande kunder;<br>&#8211; f\u00f6r att komma ih\u00e5g dina preferenser (spr\u00e5k, sk\u00e4rmuppl\u00f6sning och teckenstorlek);<br>&#8211; f\u00f6r att komma ih\u00e5g ditt samtycke till anv\u00e4ndningen av cookies (oavsett om du har samtyckt till anv\u00e4ndningen av cookies p\u00e5 denna sida eller inte);<br>&#8211; f\u00f6r att samla in tillf\u00f6rlitlig information om sidbes\u00f6k f\u00f6r att m\u00e4ta i vilken utstr\u00e4ckning v\u00e5r webbplats m\u00f6ter anv\u00e4ndarnas behov och f\u00f6r att g\u00f6ra f\u00f6rb\u00e4ttringar.<br>Att aktivera cookies \u00e4r inte n\u00f6dv\u00e4ndigt f\u00f6r webbplatsens grundl\u00e4ggande funktioner, men det ger en b\u00e4ttre upplevelse av den. Du kan alltid radera och blockera cookies om du vill, men vissa funktioner p\u00e5 webbplatsen kanske inte fungerar som avsett om du g\u00f6r det.<br>Observera att vissa cookies kommer fr\u00e5n tredje parts tj\u00e4nsteleverant\u00f6rer som utf\u00f6r vissa uppgifter f\u00f6r v\u00e5r r\u00e4kning.<br>Informationen relaterad till cookies anv\u00e4nds inte f\u00f6r att identifiera dig och den data som samlas in \u00e4r under v\u00e5r kontroll. Cookies anv\u00e4nds inte f\u00f6r n\u00e5got annat \u00e4ndam\u00e5l \u00e4n de som beskrivs ovan.<br>Hur l\u00e4nge sparar vi data?<br>Icke-personifierad teknisk data som samlas in p\u00e5 webbplatsen kommer att lagras p\u00e5 obest\u00e4md tid. <br>Delande av personlig information<br>&#8211; Vi kan g\u00f6ra din personliga, kund- eller aff\u00e4rsinformation tillg\u00e4nglig f\u00f6r f\u00f6retag som tillhandah\u00e5ller tj\u00e4nster som st\u00f6der v\u00e5r verksamhet, s\u00e5som webbanalytiker eller kundtj\u00e4nstrepresentanter. Dessa f\u00f6retag har r\u00e4tt att anv\u00e4nda personuppgifter, kunddata eller aff\u00e4rsdata endast f\u00f6r att tillhandah\u00e5lla tj\u00e4nster till oss. N\u00e4r vi v\u00e4ljer tj\u00e4nsteleverant\u00f6rer ser vi till att tj\u00e4nsteleverant\u00f6ren \u00e4r bel\u00e4gen i Europeiska ekonomiska samarbetsomr\u00e5det.<br>&#8211; Vi kommer endast att dela din personliga, kund- eller aff\u00e4rsinformation med tredje part s\u00e5som beskrivet i denna sekretesspolicy. Vi s\u00e4ljer inte dina personuppgifter till tredje part.<br>R\u00e4ttigheter<br>I vissa fall har du r\u00e4tt att beg\u00e4ra en begr\u00e4nsning av behandlingen av dina personuppgifter och r\u00e4tt att inv\u00e4nda mot behandlingen av dina personuppgifter.<br>Om du uppt\u00e4cker att din integritet har kr\u00e4nkts, v\u00e4nligen kontakta den personuppgiftsansvarige. Du har ocks\u00e5 r\u00e4tt att l\u00e4mna in ett klagom\u00e5l till dataskyddsmyndigheten i landet d\u00e4r du bor.<\/p>\n\n\n\n<p><\/p>\n\n\n\n<p><\/p>\n","protected":false},"excerpt":{"rendered":"Dataskyddsvillkor PersonuppgiftsansvarigStructo Group O\u00dcS\u00e4ra tee 11-6, Peetri 75312, Estlandinfo@structo.ee Personuppgifter \u00e4r uppgifter vi samlar in f\u00f6r att tillhandah\u00e5lla tj\u00e4nster, identifiera och kontakta en person f\u00f6r att tillhandah\u00e5lla en tj\u00e4nst eller l\u00f6sa en tvist. Enligt definitionen i den allm\u00e4nna dataskyddsf\u00f6rordningen, det vill s\u00e4ga GDPR eller EU-f\u00f6rordningen 2016\/679, behandlar vi inte k\u00e4nsliga personuppgifter. Definitioner Personuppgiftsansvarig \u00e4r en [&hellip;]","protected":false},"author":1,"featured_media":0,"parent":0,"menu_order":0,"comment_status":"closed","ping_status":"closed","template":"","meta":{"_acf_changed":false,"_uag_custom_page_level_css":"","advgb_blocks_editor_width":"","advgb_blocks_columns_visual_guide":"","footnotes":""},"class_list":["post-3561","page","type-page","status-publish","hentry"],"acf":[],"yoast_head":"<!-- This site is optimized with the Yoast SEO plugin v26.8 - https:\/\/yoast.com\/product\/yoast-seo-wordpress\/ -->\n<title>Integritetspolicy - Structo<\/title>\n<meta name=\"robots\" content=\"index, follow, max-snippet:-1, max-image-preview:large, max-video-preview:-1\" \/>\n<link rel=\"canonical\" href=\"https:\/\/structo.ee\/sv\/integritetspolicy\/\" \/>\n<meta property=\"og:locale\" content=\"sv_SE\" \/>\n<meta property=\"og:type\" content=\"article\" \/>\n<meta property=\"og:title\" content=\"Integritetspolicy - Structo\" \/>\n<meta property=\"og:description\" content=\"Dataskyddsvillkor PersonuppgiftsansvarigStructo Group O\u00dcS\u00e4ra tee 11-6, Peetri 75312, Estlandinfo@structo.ee Personuppgifter \u00e4r uppgifter vi samlar in f\u00f6r att tillhandah\u00e5lla tj\u00e4nster, identifiera och kontakta en person f\u00f6r att tillhandah\u00e5lla en tj\u00e4nst eller l\u00f6sa en tvist. Enligt definitionen i den allm\u00e4nna dataskyddsf\u00f6rordningen, det vill s\u00e4ga GDPR eller EU-f\u00f6rordningen 2016\/679, behandlar vi inte k\u00e4nsliga personuppgifter. Definitioner Personuppgiftsansvarig \u00e4r en [&hellip;]\" \/>\n<meta property=\"og:url\" content=\"https:\/\/structo.ee\/sv\/integritetspolicy\/\" \/>\n<meta property=\"og:site_name\" content=\"Structo\" \/>\n<meta property=\"article:modified_time\" content=\"2022-06-01T10:15:44+00:00\" \/>\n<meta name=\"twitter:card\" content=\"summary_large_image\" \/>\n<meta name=\"twitter:label1\" content=\"Ber\u00e4knad l\u00e4stid\" \/>\n\t<meta name=\"twitter:data1\" content=\"4 minuter\" \/>\n<script type=\"application\/ld+json\" class=\"yoast-schema-graph\">{\"@context\":\"https:\/\/schema.org\",\"@graph\":[{\"@type\":\"WebPage\",\"@id\":\"https:\/\/structo.ee\/sv\/integritetspolicy\/\",\"url\":\"https:\/\/structo.ee\/sv\/integritetspolicy\/\",\"name\":\"Integritetspolicy - Structo\",\"isPartOf\":{\"@id\":\"https:\/\/structo.ee\/#website\"},\"datePublished\":\"2020-09-29T09:21:06+00:00\",\"dateModified\":\"2022-06-01T10:15:44+00:00\",\"breadcrumb\":{\"@id\":\"https:\/\/structo.ee\/sv\/integritetspolicy\/#breadcrumb\"},\"inLanguage\":\"sv-SE\",\"potentialAction\":[{\"@type\":\"ReadAction\",\"target\":[\"https:\/\/structo.ee\/sv\/integritetspolicy\/\"]}]},{\"@type\":\"BreadcrumbList\",\"@id\":\"https:\/\/structo.ee\/sv\/integritetspolicy\/#breadcrumb\",\"itemListElement\":[{\"@type\":\"ListItem\",\"position\":1,\"name\":\"Home\",\"item\":\"https:\/\/structo.ee\/sv\/\"},{\"@type\":\"ListItem\",\"position\":2,\"name\":\"Integritetspolicy\"}]},{\"@type\":\"WebSite\",\"@id\":\"https:\/\/structo.ee\/#website\",\"url\":\"https:\/\/structo.ee\/\",\"name\":\"Structo\",\"description\":\"\",\"potentialAction\":[{\"@type\":\"SearchAction\",\"target\":{\"@type\":\"EntryPoint\",\"urlTemplate\":\"https:\/\/structo.ee\/?s={search_term_string}\"},\"query-input\":{\"@type\":\"PropertyValueSpecification\",\"valueRequired\":true,\"valueName\":\"search_term_string\"}}],\"inLanguage\":\"sv-SE\"}]}<\/script>\n<!-- \/ Yoast SEO plugin. -->","yoast_head_json":{"title":"Integritetspolicy - Structo","robots":{"index":"index","follow":"follow","max-snippet":"max-snippet:-1","max-image-preview":"max-image-preview:large","max-video-preview":"max-video-preview:-1"},"canonical":"https:\/\/structo.ee\/sv\/integritetspolicy\/","og_locale":"sv_SE","og_type":"article","og_title":"Integritetspolicy - Structo","og_description":"Dataskyddsvillkor PersonuppgiftsansvarigStructo Group O\u00dcS\u00e4ra tee 11-6, Peetri 75312, Estlandinfo@structo.ee Personuppgifter \u00e4r uppgifter vi samlar in f\u00f6r att tillhandah\u00e5lla tj\u00e4nster, identifiera och kontakta en person f\u00f6r att tillhandah\u00e5lla en tj\u00e4nst eller l\u00f6sa en tvist. Enligt definitionen i den allm\u00e4nna dataskyddsf\u00f6rordningen, det vill s\u00e4ga GDPR eller EU-f\u00f6rordningen 2016\/679, behandlar vi inte k\u00e4nsliga personuppgifter. Definitioner Personuppgiftsansvarig \u00e4r en [&hellip;]","og_url":"https:\/\/structo.ee\/sv\/integritetspolicy\/","og_site_name":"Structo","article_modified_time":"2022-06-01T10:15:44+00:00","twitter_card":"summary_large_image","twitter_misc":{"Ber\u00e4knad l\u00e4stid":"4 minuter"},"schema":{"@context":"https:\/\/schema.org","@graph":[{"@type":"WebPage","@id":"https:\/\/structo.ee\/sv\/integritetspolicy\/","url":"https:\/\/structo.ee\/sv\/integritetspolicy\/","name":"Integritetspolicy - Structo","isPartOf":{"@id":"https:\/\/structo.ee\/#website"},"datePublished":"2020-09-29T09:21:06+00:00","dateModified":"2022-06-01T10:15:44+00:00","breadcrumb":{"@id":"https:\/\/structo.ee\/sv\/integritetspolicy\/#breadcrumb"},"inLanguage":"sv-SE","potentialAction":[{"@type":"ReadAction","target":["https:\/\/structo.ee\/sv\/integritetspolicy\/"]}]},{"@type":"BreadcrumbList","@id":"https:\/\/structo.ee\/sv\/integritetspolicy\/#breadcrumb","itemListElement":[{"@type":"ListItem","position":1,"name":"Home","item":"https:\/\/structo.ee\/sv\/"},{"@type":"ListItem","position":2,"name":"Integritetspolicy"}]},{"@type":"WebSite","@id":"https:\/\/structo.ee\/#website","url":"https:\/\/structo.ee\/","name":"Structo","description":"","potentialAction":[{"@type":"SearchAction","target":{"@type":"EntryPoint","urlTemplate":"https:\/\/structo.ee\/?s={search_term_string}"},"query-input":{"@type":"PropertyValueSpecification","valueRequired":true,"valueName":"search_term_string"}}],"inLanguage":"sv-SE"}]}},"uagb_featured_image_src":{"full":false,"thumbnail":false,"medium":false,"medium_large":false,"large":false,"1536x1536":false,"2048x2048":false},"uagb_author_info":{"display_name":"reaktiiv-wp","author_link":"https:\/\/structo.ee\/sv\/author\/reaktiiv-st\/"},"uagb_comment_info":0,"uagb_excerpt":"Dataskyddsvillkor PersonuppgiftsansvarigStructo Group O\u00dcS\u00e4ra tee 11-6, Peetri 75312, Estlandinfo@structo.ee Personuppgifter \u00e4r uppgifter vi samlar in f\u00f6r att tillhandah\u00e5lla tj\u00e4nster, identifiera och kontakta en person f\u00f6r att tillhandah\u00e5lla en tj\u00e4nst eller l\u00f6sa en tvist. Enligt definitionen i den allm\u00e4nna dataskyddsf\u00f6rordningen, det vill s\u00e4ga GDPR eller EU-f\u00f6rordningen 2016\/679, behandlar vi inte k\u00e4nsliga personuppgifter. Definitioner Personuppgiftsansvarig \u00e4r en&hellip;","coauthors":[],"author_meta":{"author_link":"https:\/\/structo.ee\/sv\/author\/reaktiiv-st\/","display_name":"reaktiiv-wp"},"relative_dates":{"created":"Posted 6 \u00e5r ago","modified":"Updated 4 \u00e5r ago"},"absolute_dates":{"created":"Posted on 29\/09\/2020","modified":"Updated on 01\/06\/2022"},"absolute_dates_time":{"created":"Posted on 29\/09\/2020 12:21","modified":"Updated on 01\/06\/2022 13:15"},"featured_img_caption":"","featured_img":false,"series_order":"","_links":{"self":[{"href":"https:\/\/structo.ee\/sv\/wp-json\/wp\/v2\/pages\/3561","targetHints":{"allow":["GET"]}}],"collection":[{"href":"https:\/\/structo.ee\/sv\/wp-json\/wp\/v2\/pages"}],"about":[{"href":"https:\/\/structo.ee\/sv\/wp-json\/wp\/v2\/types\/page"}],"author":[{"embeddable":true,"href":"https:\/\/structo.ee\/sv\/wp-json\/wp\/v2\/users\/1"}],"replies":[{"embeddable":true,"href":"https:\/\/structo.ee\/sv\/wp-json\/wp\/v2\/comments?post=3561"}],"version-history":[{"count":1,"href":"https:\/\/structo.ee\/sv\/wp-json\/wp\/v2\/pages\/3561\/revisions"}],"predecessor-version":[{"id":3563,"href":"https:\/\/structo.ee\/sv\/wp-json\/wp\/v2\/pages\/3561\/revisions\/3563"}],"wp:attachment":[{"href":"https:\/\/structo.ee\/sv\/wp-json\/wp\/v2\/media?parent=3561"}],"curies":[{"name":"wp","href":"https:\/\/api.w.org\/{rel}","templated":true}]}}